{"id":999,"date":"2024-06-09T09:53:59","date_gmt":"2024-06-09T07:53:59","guid":{"rendered":"https:\/\/lescocosensuede.com\/?post_type=product&#038;p=999"},"modified":"2025-12-11T21:44:47","modified_gmt":"2025-12-11T20:44:47","slug":"porte-cles-en-tissu","status":"publish","type":"product","link":"https:\/\/lescocosensuede.com\/sv\/produit\/porte-cles-en-tissu\/","title":{"rendered":"Nyckelh\u00e5llare"},"content":{"rendered":"<p>Nyckelh\u00e5llare fr\u00e5n tjockt tyg och med en metall\u00e4nde. Estetisk och praktisk.<\/p>\n<p>Alla modeller i denna kollektion \u00e4r unika och sydda med k\u00e4rlek.<\/p>\n<p>Sammans\u00e4ttning: Oeko-Tex bomullstyg och \u00e4nde i metall.<br \/>\nStorlek: Cirka 15 cm l\u00e5ng<br \/>\nSk\u00f6tsel: redo att anv\u00e4ndas direkt. Vi rekommenderar handtv\u00e4tt och lufttorkning.<\/p>\n<p>&nbsp;<\/p>\n","protected":false},"excerpt":{"rendered":"<p>Nyckelh\u00e5llare fr\u00e5n tjockt tyg och med en metall\u00e4nde. Estetisk och praktisk. Alla modeller i denna kollektion \u00e4r unika och sydda med k\u00e4rlek. Sammans\u00e4ttning: Oeko-Tex bomullstyg och \u00e4nde i metall. Storlek: Cirka 15 cm l\u00e5ng Sk\u00f6tsel: redo att anv\u00e4ndas direkt. Vi rekommenderar handtv\u00e4tt och lufttorkning. &nbsp;<\/p>\n","protected":false},"featured_media":1000,"template":"","meta":{"_acf_changed":false},"product_brand":[],"product_cat":[45],"product_tag":[],"class_list":{"0":"post-999","1":"product","2":"type-product","3":"status-publish","4":"has-post-thumbnail","6":"product_cat-porte-cles","8":"first","9":"instock","10":"taxable","11":"shipping-taxable","12":"purchasable","13":"product-type-simple"},"acf":[],"jetpack_sharing_enabled":true,"_links":{"self":[{"href":"https:\/\/lescocosensuede.com\/sv\/wp-json\/wp\/v2\/product\/999","targetHints":{"allow":["GET"]}}],"collection":[{"href":"https:\/\/lescocosensuede.com\/sv\/wp-json\/wp\/v2\/product"}],"about":[{"href":"https:\/\/lescocosensuede.com\/sv\/wp-json\/wp\/v2\/types\/product"}],"wp:featuredmedia":[{"embeddable":true,"href":"https:\/\/lescocosensuede.com\/sv\/wp-json\/wp\/v2\/media\/1000"}],"wp:attachment":[{"href":"https:\/\/lescocosensuede.com\/sv\/wp-json\/wp\/v2\/media?parent=999"}],"wp:term":[{"taxonomy":"product_brand","embeddable":true,"href":"https:\/\/lescocosensuede.com\/sv\/wp-json\/wp\/v2\/product_brand?post=999"},{"taxonomy":"product_cat","embeddable":true,"href":"https:\/\/lescocosensuede.com\/sv\/wp-json\/wp\/v2\/product_cat?post=999"},{"taxonomy":"product_tag","embeddable":true,"href":"https:\/\/lescocosensuede.com\/sv\/wp-json\/wp\/v2\/product_tag?post=999"}],"curies":[{"name":"wp","href":"https:\/\/api.w.org\/{rel}","templated":true}]}}