{"id":996,"date":"2024-06-08T17:34:59","date_gmt":"2024-06-08T15:34:59","guid":{"rendered":"https:\/\/lescocosensuede.com\/en\/?post_type=product&#038;p=996"},"modified":"2024-06-08T17:38:25","modified_gmt":"2024-06-08T15:38:25","slug":"washable-make-up-pads-x-4","status":"publish","type":"product","link":"https:\/\/lescocosensuede.com\/sv\/produit\/washable-make-up-pads-x-4\/","title":{"rendered":"Tv\u00e4ttlappar till makeup (x 4)"},"content":{"rendered":"<p>Dessa tv\u00e4ttlappar \u00e4r mjuka och ekologiska alternativ till eng\u00e5ngsartiklar. De \u00e4r m\u00e5ngsidiga och l\u00e4mpliga f\u00f6r hela familjen.<\/p>\n<p>&nbsp;<\/p>\n<p>Sammans\u00e4ttning: Viskossvamp av bambu (70%) och bomull (30%). M\u00f6nstrat tyg i ekologisk bomull (92%) och elastan (8%).<\/p>\n<p>M\u00e5tt: ca 11x 10 cm.<\/p>\n<p>Sk\u00f6tsel: Alla tyger tv\u00e4ttas noggrant f\u00f6re s\u00f6mnad och \u00e4r d\u00e4rf\u00f6r redo att anv\u00e4ndas direkt. Du kan l\u00e4gga dem i tv\u00e4ttmaskinen med resten av hush\u00e5llets tv\u00e4tt (max 60\u00b0C), f\u00f6ljt av torktumling.<\/p>\n","protected":false},"excerpt":{"rendered":"<p>Dessa tv\u00e4ttlappar \u00e4r mjuka och ekologiska alternativ till eng\u00e5ngsartiklar. De \u00e4r m\u00e5ngsidiga och l\u00e4mpliga f\u00f6r hela familjen. &nbsp; Sammans\u00e4ttning: Viskossvamp av bambu (70%) och bomull (30%). M\u00f6nstrat tyg i ekologisk bomull (92%) och elastan (8%). M\u00e5tt: ca 11x 10 cm. Sk\u00f6tsel: Alla tyger tv\u00e4ttas noggrant f\u00f6re s\u00f6mnad och \u00e4r d\u00e4rf\u00f6r redo att anv\u00e4ndas direkt. Du [&hellip;]<\/p>\n","protected":false},"featured_media":997,"template":"","meta":{"_acf_changed":false},"product_brand":[],"product_cat":[33],"product_tag":[],"class_list":{"0":"post-996","1":"product","2":"type-product","3":"status-publish","4":"has-post-thumbnail","6":"product_cat-lingettes-demaquillantes","8":"first","9":"instock","10":"sold-individually","11":"taxable","12":"shipping-taxable","13":"purchasable","14":"product-type-simple"},"acf":[],"jetpack_sharing_enabled":true,"_links":{"self":[{"href":"https:\/\/lescocosensuede.com\/sv\/wp-json\/wp\/v2\/product\/996","targetHints":{"allow":["GET"]}}],"collection":[{"href":"https:\/\/lescocosensuede.com\/sv\/wp-json\/wp\/v2\/product"}],"about":[{"href":"https:\/\/lescocosensuede.com\/sv\/wp-json\/wp\/v2\/types\/product"}],"wp:featuredmedia":[{"embeddable":true,"href":"https:\/\/lescocosensuede.com\/sv\/wp-json\/wp\/v2\/media\/997"}],"wp:attachment":[{"href":"https:\/\/lescocosensuede.com\/sv\/wp-json\/wp\/v2\/media?parent=996"}],"wp:term":[{"taxonomy":"product_brand","embeddable":true,"href":"https:\/\/lescocosensuede.com\/sv\/wp-json\/wp\/v2\/product_brand?post=996"},{"taxonomy":"product_cat","embeddable":true,"href":"https:\/\/lescocosensuede.com\/sv\/wp-json\/wp\/v2\/product_cat?post=996"},{"taxonomy":"product_tag","embeddable":true,"href":"https:\/\/lescocosensuede.com\/sv\/wp-json\/wp\/v2\/product_tag?post=996"}],"curies":[{"name":"wp","href":"https:\/\/api.w.org\/{rel}","templated":true}]}}