{"id":987,"date":"2024-06-08T17:03:18","date_gmt":"2024-06-08T15:03:18","guid":{"rendered":"https:\/\/lescocosensuede.com\/?post_type=product&#038;p=987"},"modified":"2025-03-20T21:30:24","modified_gmt":"2025-03-20T20:30:24","slug":"lingettes-lavables-x-2","status":"publish","type":"product","link":"https:\/\/lescocosensuede.com\/sv\/produit\/lingettes-lavables-x-2\/","title":{"rendered":"Tv\u00e4ttlappar (x 3)"},"content":{"rendered":"<p>Dessa sm\u00e5 tv\u00e4ttlappar \u00e4r bra hj\u00e4lpmedel f\u00f6r dina barns hygien, samtidigt som de hj\u00e4lper till att minska hush\u00e5llets avfall. Bomullstyget \u00e4r skonsamt mot huden. Vi rekommenderar att du anv\u00e4nder tv\u00e4ttlapparna med ljummet vatten eller vatten blandat med ett v\u00e4xthydrolat (3 delar vatten till 1 del hydrolat) f\u00f6r en bekv\u00e4mare applicering.<\/p>\n<p>Bl\u00f6tl\u00e4gg och reng\u00f6r med bomullssidan (muslin) och torka av barnets hud med mikrofibersidan.<\/p>\n<p>Om ditt barn \u00e4r knubbigt eller utvecklar en tendens till utslag, vik tv\u00e4ttlappen p\u00e5 mitten, gnid in lite kokosolja och dra det genom barnets veck; det reng\u00f6r och lugnar huden.<\/p>\n<p>Dessa tv\u00e4ttlappar passar hela familjen som ett alternativ till eng\u00e5ngsartiklar.<\/p>\n<p>&nbsp;<\/p>\n<p>Sammans\u00e4ttning: Viskossvamp av bambu (70%) och bomull (30%). Blommigt tyg i 100% bomullsmuslin.<\/p>\n<p>M\u00e5tt: Ca 11 x 10 cm.<\/p>\n<p>Sk\u00f6tsel: Alla tyger tv\u00e4ttas noggrant f\u00f6re s\u00f6mnad och \u00e4r d\u00e4rf\u00f6r redo att anv\u00e4ndas direkt. F\u00f6r reng\u00f6ring av denna artikel kan du l\u00e4gga den i tv\u00e4ttmaskinen med resten av hush\u00e5llets tv\u00e4tt (max 60\u00b0C) f\u00f6ljt av torktumling.<\/p>\n","protected":false},"excerpt":{"rendered":"<p>Dessa sm\u00e5 tv\u00e4ttlappar \u00e4r bra hj\u00e4lpmedel f\u00f6r dina barns hygien, samtidigt som de hj\u00e4lper till att minska hush\u00e5llets avfall. Bomullstyget \u00e4r skonsamt mot huden. Vi rekommenderar att du anv\u00e4nder tv\u00e4ttlapparna med ljummet vatten eller vatten blandat med ett v\u00e4xthydrolat (3 delar vatten till 1 del hydrolat) f\u00f6r en bekv\u00e4mare applicering. Bl\u00f6tl\u00e4gg och reng\u00f6r med bomullssidan [&hellip;]<\/p>\n","protected":false},"featured_media":988,"template":"","meta":{"_acf_changed":false},"product_brand":[],"product_cat":[34],"product_tag":[],"class_list":{"0":"post-987","1":"product","2":"type-product","3":"status-publish","4":"has-post-thumbnail","6":"product_cat-les-lingettes-lavables","8":"first","9":"outofstock","10":"sold-individually","11":"taxable","12":"shipping-taxable","13":"purchasable","14":"product-type-simple"},"acf":[],"jetpack_sharing_enabled":true,"_links":{"self":[{"href":"https:\/\/lescocosensuede.com\/sv\/wp-json\/wp\/v2\/product\/987","targetHints":{"allow":["GET"]}}],"collection":[{"href":"https:\/\/lescocosensuede.com\/sv\/wp-json\/wp\/v2\/product"}],"about":[{"href":"https:\/\/lescocosensuede.com\/sv\/wp-json\/wp\/v2\/types\/product"}],"wp:featuredmedia":[{"embeddable":true,"href":"https:\/\/lescocosensuede.com\/sv\/wp-json\/wp\/v2\/media\/988"}],"wp:attachment":[{"href":"https:\/\/lescocosensuede.com\/sv\/wp-json\/wp\/v2\/media?parent=987"}],"wp:term":[{"taxonomy":"product_brand","embeddable":true,"href":"https:\/\/lescocosensuede.com\/sv\/wp-json\/wp\/v2\/product_brand?post=987"},{"taxonomy":"product_cat","embeddable":true,"href":"https:\/\/lescocosensuede.com\/sv\/wp-json\/wp\/v2\/product_cat?post=987"},{"taxonomy":"product_tag","embeddable":true,"href":"https:\/\/lescocosensuede.com\/sv\/wp-json\/wp\/v2\/product_tag?post=987"}],"curies":[{"name":"wp","href":"https:\/\/api.w.org\/{rel}","templated":true}]}}