{"id":617,"date":"2023-11-06T08:59:24","date_gmt":"2023-11-06T07:59:24","guid":{"rendered":"https:\/\/lescocosensuede.com\/?post_type=product&#038;p=617"},"modified":"2025-12-10T13:46:29","modified_gmt":"2025-12-10T12:46:29","slug":"tapis-a-langer-nomade-1-2","status":"publish","type":"product","link":"https:\/\/lescocosensuede.com\/sv\/produit\/tapis-a-langer-nomade-1-2\/","title":{"rendered":"B\u00e4rbart sk\u00f6tbord"},"content":{"rendered":"<p><span style=\"font-weight: 400\">Detta praktiska och kompakta b\u00e4rbara sk\u00f6tbord kompletterar din sk\u00f6tv\u00e4ska. Du byter bl\u00f6ja p\u00e5 din minsting var du \u00e4n g\u00e5r och under alla omst\u00e4ndigheter. Innersidan \u00e4r vattent\u00e4t och kan l\u00e4tt torkas av.<\/span><\/p>\n<p><span style=\"font-weight: 400\">Alla produkter i denna kollektion \u00e4r unika och sydda med k\u00e4rlek.<\/span><\/p>\n<p><span style=\"font-weight: 400\">Sammans\u00e4ttning: Quiltat Oeko-Tex bomullstyg och vattent\u00e4t Oeko-Tex kretong.<\/span><\/p>\n<p><span style=\"font-weight: 400\">M\u00e5tt: 16&#215;22 cm vikt och 41&#215;69 cm \u00f6ppet.<\/span><\/p>\n<p><span style=\"font-weight: 400\">Sk\u00f6tsel: Alla tyger tv\u00e4ttas noggrant f\u00f6re s\u00f6mnad och \u00e4r d\u00e4rf\u00f6r redo att anv\u00e4ndas direkt. Handtv\u00e4tt eller skonsam maskintv\u00e4tt i l\u00e5g temperatur (max 30\u00b0C) rekommenderas, f\u00f6ljt av lufttorkning. Detta f\u00f6r att garantera att sk\u00f6tbordet f\u00f6rblir vattent\u00e4tt.<\/span><\/p>\n","protected":false},"excerpt":{"rendered":"<p>Detta praktiska och kompakta b\u00e4rbara sk\u00f6tbord kompletterar din sk\u00f6tv\u00e4ska. Du byter bl\u00f6ja p\u00e5 din minsting var du \u00e4n g\u00e5r och under alla omst\u00e4ndigheter. Innersidan \u00e4r vattent\u00e4t och kan l\u00e4tt torkas av. Alla produkter i denna kollektion \u00e4r unika och sydda med k\u00e4rlek. Sammans\u00e4ttning: Quiltat Oeko-Tex bomullstyg och vattent\u00e4t Oeko-Tex kretong. M\u00e5tt: 16&#215;22 cm vikt och [&hellip;]<\/p>\n","protected":false},"featured_media":1979,"template":"","meta":{"_acf_changed":false},"product_brand":[],"product_cat":[25],"product_tag":[],"class_list":{"0":"post-617","1":"product","2":"type-product","3":"status-publish","4":"has-post-thumbnail","6":"product_cat-les-tapis-a-langer-nomades","8":"first","9":"instock","10":"taxable","11":"shipping-taxable","12":"purchasable","13":"product-type-simple"},"acf":[],"jetpack_sharing_enabled":true,"_links":{"self":[{"href":"https:\/\/lescocosensuede.com\/sv\/wp-json\/wp\/v2\/product\/617","targetHints":{"allow":["GET"]}}],"collection":[{"href":"https:\/\/lescocosensuede.com\/sv\/wp-json\/wp\/v2\/product"}],"about":[{"href":"https:\/\/lescocosensuede.com\/sv\/wp-json\/wp\/v2\/types\/product"}],"wp:featuredmedia":[{"embeddable":true,"href":"https:\/\/lescocosensuede.com\/sv\/wp-json\/wp\/v2\/media\/1979"}],"wp:attachment":[{"href":"https:\/\/lescocosensuede.com\/sv\/wp-json\/wp\/v2\/media?parent=617"}],"wp:term":[{"taxonomy":"product_brand","embeddable":true,"href":"https:\/\/lescocosensuede.com\/sv\/wp-json\/wp\/v2\/product_brand?post=617"},{"taxonomy":"product_cat","embeddable":true,"href":"https:\/\/lescocosensuede.com\/sv\/wp-json\/wp\/v2\/product_cat?post=617"},{"taxonomy":"product_tag","embeddable":true,"href":"https:\/\/lescocosensuede.com\/sv\/wp-json\/wp\/v2\/product_tag?post=617"}],"curies":[{"name":"wp","href":"https:\/\/api.w.org\/{rel}","templated":true}]}}