{"id":447,"date":"2023-05-03T15:36:47","date_gmt":"2023-05-03T13:36:47","guid":{"rendered":"https:\/\/lescocosensuede.com\/?post_type=product&#038;p=447"},"modified":"2024-06-10T21:44:32","modified_gmt":"2024-06-10T19:44:32","slug":"bracelet-dallaitement-plume","status":"publish","type":"product","link":"https:\/\/lescocosensuede.com\/sv\/produit\/bracelet-dallaitement-plume\/","title":{"rendered":"Amningsarmband Fj\u00e4der"},"content":{"rendered":"<p>Dessa tygarmband pryder dina handleder. Om du ammar hj\u00e4lper armbandet dig att h\u00e5lla tr\u00f6jan nere s\u00e5 att du kan koncentrera dig p\u00e5 ditt barn.<\/p>\n<p>Alla produkter i denna kollektion \u00e4r unika och sydda med k\u00e4rlek.<\/p>\n<p>&nbsp;<\/p>\n<p>Sammans\u00e4ttning: Muslintyg.<\/p>\n<p>M\u00e5tt: ca 18 cm mellan de tv\u00e5 tryckknapparna.<\/p>\n<p>Sk\u00f6tsel: Alla tyger tv\u00e4ttas noggrant f\u00f6re s\u00f6mnad och \u00e4r d\u00e4rf\u00f6r redo att anv\u00e4ndas direkt. Handtv\u00e4tt eller skonsam maskintv\u00e4tt i l\u00e5g temperatur (max 40\u00b0C) rekommenderas, f\u00f6ljt av lufttorkning. Se till att \u00f6ppna tryckknapparna f\u00f6rsiktigt eftersom tyget \u00e4r sk\u00f6rt.<\/p>\n","protected":false},"excerpt":{"rendered":"<p>Dessa tygarmband pryder dina handleder. Om du ammar hj\u00e4lper armbandet dig att h\u00e5lla tr\u00f6jan nere s\u00e5 att du kan koncentrera dig p\u00e5 ditt barn. Alla produkter i denna kollektion \u00e4r unika och sydda med k\u00e4rlek. &nbsp; Sammans\u00e4ttning: Muslintyg. M\u00e5tt: ca 18 cm mellan de tv\u00e5 tryckknapparna. Sk\u00f6tsel: Alla tyger tv\u00e4ttas noggrant f\u00f6re s\u00f6mnad och \u00e4r [&hellip;]<\/p>\n","protected":false},"featured_media":463,"template":"","meta":{"_acf_changed":false},"product_brand":[],"product_cat":[],"product_tag":[],"class_list":{"0":"post-447","1":"product","2":"type-product","3":"status-publish","4":"has-post-thumbnail","7":"first","8":"instock","9":"sold-individually","10":"taxable","11":"shipping-taxable","12":"purchasable","13":"product-type-simple"},"acf":[],"jetpack_sharing_enabled":true,"_links":{"self":[{"href":"https:\/\/lescocosensuede.com\/sv\/wp-json\/wp\/v2\/product\/447","targetHints":{"allow":["GET"]}}],"collection":[{"href":"https:\/\/lescocosensuede.com\/sv\/wp-json\/wp\/v2\/product"}],"about":[{"href":"https:\/\/lescocosensuede.com\/sv\/wp-json\/wp\/v2\/types\/product"}],"wp:featuredmedia":[{"embeddable":true,"href":"https:\/\/lescocosensuede.com\/sv\/wp-json\/wp\/v2\/media\/463"}],"wp:attachment":[{"href":"https:\/\/lescocosensuede.com\/sv\/wp-json\/wp\/v2\/media?parent=447"}],"wp:term":[{"taxonomy":"product_brand","embeddable":true,"href":"https:\/\/lescocosensuede.com\/sv\/wp-json\/wp\/v2\/product_brand?post=447"},{"taxonomy":"product_cat","embeddable":true,"href":"https:\/\/lescocosensuede.com\/sv\/wp-json\/wp\/v2\/product_cat?post=447"},{"taxonomy":"product_tag","embeddable":true,"href":"https:\/\/lescocosensuede.com\/sv\/wp-json\/wp\/v2\/product_tag?post=447"}],"curies":[{"name":"wp","href":"https:\/\/api.w.org\/{rel}","templated":true}]}}