{"id":426,"date":"2023-04-19T13:31:09","date_gmt":"2023-04-19T11:31:09","guid":{"rendered":"https:\/\/lescocosensuede.com\/?post_type=product&#038;p=426"},"modified":"2025-12-09T15:15:49","modified_gmt":"2025-12-09T14:15:49","slug":"torchons-de-cuisine","status":"publish","type":"product","link":"https:\/\/lescocosensuede.com\/sv\/produit\/torchons-de-cuisine\/","title":{"rendered":"K\u00f6kshanddukar (x 2)"},"content":{"rendered":"<p>Uppt\u00e4ck denna klassiker, sydd i ett tjockt och strukturerat tyg. Handduken \u00e4r absorberande och \u00e4r behaglig vid vidr\u00f6ring.<\/p>\n<p>Curryf\u00e4rgade. Tv\u00e5 k\u00f6kshanddukar ing\u00e5r.<\/p>\n<p>&nbsp;<\/p>\n<p>Sammans\u00e4ttning: 100% Oeko-Tex bomull.<\/p>\n<p>M\u00e5tt: ca 60 x 45 cm.<\/p>\n<p>Underh\u00e5ll: Redo att anv\u00e4ndas direkt. Tv\u00e4ttas och torktumlas med resten av din tv\u00e4tt (60\u00b0C).<\/p>\n<p>&nbsp;<\/p>\n","protected":false},"excerpt":{"rendered":"<p>Uppt\u00e4ck denna klassiker, sydd i ett tjockt och strukturerat tyg. Handduken \u00e4r absorberande och \u00e4r behaglig vid vidr\u00f6ring. Curryf\u00e4rgade. Tv\u00e5 k\u00f6kshanddukar ing\u00e5r. &nbsp; Sammans\u00e4ttning: 100% Oeko-Tex bomull. M\u00e5tt: ca 60 x 45 cm. Underh\u00e5ll: Redo att anv\u00e4ndas direkt. Tv\u00e4ttas och torktumlas med resten av din tv\u00e4tt (60\u00b0C). &nbsp;<\/p>\n","protected":false},"featured_media":1103,"template":"","meta":{"_acf_changed":false},"product_brand":[],"product_cat":[60],"product_tag":[],"class_list":{"0":"post-426","1":"product","2":"type-product","3":"status-publish","4":"has-post-thumbnail","6":"product_cat-la-cuisine","8":"first","9":"instock","10":"sold-individually","11":"taxable","12":"shipping-taxable","13":"purchasable","14":"product-type-simple"},"acf":[],"jetpack_sharing_enabled":true,"_links":{"self":[{"href":"https:\/\/lescocosensuede.com\/sv\/wp-json\/wp\/v2\/product\/426","targetHints":{"allow":["GET"]}}],"collection":[{"href":"https:\/\/lescocosensuede.com\/sv\/wp-json\/wp\/v2\/product"}],"about":[{"href":"https:\/\/lescocosensuede.com\/sv\/wp-json\/wp\/v2\/types\/product"}],"wp:featuredmedia":[{"embeddable":true,"href":"https:\/\/lescocosensuede.com\/sv\/wp-json\/wp\/v2\/media\/1103"}],"wp:attachment":[{"href":"https:\/\/lescocosensuede.com\/sv\/wp-json\/wp\/v2\/media?parent=426"}],"wp:term":[{"taxonomy":"product_brand","embeddable":true,"href":"https:\/\/lescocosensuede.com\/sv\/wp-json\/wp\/v2\/product_brand?post=426"},{"taxonomy":"product_cat","embeddable":true,"href":"https:\/\/lescocosensuede.com\/sv\/wp-json\/wp\/v2\/product_cat?post=426"},{"taxonomy":"product_tag","embeddable":true,"href":"https:\/\/lescocosensuede.com\/sv\/wp-json\/wp\/v2\/product_tag?post=426"}],"curies":[{"name":"wp","href":"https:\/\/api.w.org\/{rel}","templated":true}]}}