{"id":417,"date":"2023-05-03T15:33:42","date_gmt":"2023-05-03T13:33:42","guid":{"rendered":"https:\/\/lescocosensuede.com\/?post_type=product&#038;p=417"},"modified":"2025-12-09T15:13:02","modified_gmt":"2025-12-09T14:13:02","slug":"essuie-tout-lavable-3","status":"publish","type":"product","link":"https:\/\/lescocosensuede.com\/sv\/produit\/essuie-tout-lavable-3\/","title":{"rendered":"Tv\u00e4ttbara handdukar (x 2)"},"content":{"rendered":"<p>Dessa tv\u00e4ttbara handdukar \u00e4r ett ekonomiskt och milj\u00f6v\u00e4nligt alternativ till pappershanddukar. De \u00e4r gjorda av bambu och bomullsfrott\u00e9; mjuka och absorberande. Anv\u00e4nd dem som en klassisk pappershandduk och tv\u00e4tta dem med resten av tv\u00e4tten.<\/p>\n<p>Tv\u00e5 handdukar ing\u00e5r.<\/p>\n<p>&nbsp;<\/p>\n<p>Sammans\u00e4ttning: Viskossvamp av bambu (70%) och bomull (30%). M\u00f6nstrat tyg i ekologisk bomull (92%) och elastan (8%).<\/p>\n<p>M\u00e5tt: ca 22 x 23 cm.<\/p>\n<p>Underh\u00e5ll: Redo att anv\u00e4ndas direkt. Maskintv\u00e4ttas med resten av tv\u00e4tten (40\u00b0C) och torktumlas.<\/p>\n","protected":false},"excerpt":{"rendered":"<p>Dessa tv\u00e4ttbara handdukar \u00e4r ett ekonomiskt och milj\u00f6v\u00e4nligt alternativ till pappershanddukar. De \u00e4r gjorda av bambu och bomullsfrott\u00e9; mjuka och absorberande. Anv\u00e4nd dem som en klassisk pappershandduk och tv\u00e4tta dem med resten av tv\u00e4tten. Tv\u00e5 handdukar ing\u00e5r. &nbsp; Sammans\u00e4ttning: Viskossvamp av bambu (70%) och bomull (30%). M\u00f6nstrat tyg i ekologisk bomull (92%) och elastan (8%). [&hellip;]<\/p>\n","protected":false},"featured_media":1126,"template":"","meta":{"_acf_changed":false},"product_brand":[],"product_cat":[60],"product_tag":[],"class_list":{"0":"post-417","1":"product","2":"type-product","3":"status-publish","4":"has-post-thumbnail","6":"product_cat-la-cuisine","8":"first","9":"instock","10":"sold-individually","11":"taxable","12":"shipping-taxable","13":"purchasable","14":"product-type-simple"},"acf":[],"jetpack_sharing_enabled":true,"_links":{"self":[{"href":"https:\/\/lescocosensuede.com\/sv\/wp-json\/wp\/v2\/product\/417","targetHints":{"allow":["GET"]}}],"collection":[{"href":"https:\/\/lescocosensuede.com\/sv\/wp-json\/wp\/v2\/product"}],"about":[{"href":"https:\/\/lescocosensuede.com\/sv\/wp-json\/wp\/v2\/types\/product"}],"wp:featuredmedia":[{"embeddable":true,"href":"https:\/\/lescocosensuede.com\/sv\/wp-json\/wp\/v2\/media\/1126"}],"wp:attachment":[{"href":"https:\/\/lescocosensuede.com\/sv\/wp-json\/wp\/v2\/media?parent=417"}],"wp:term":[{"taxonomy":"product_brand","embeddable":true,"href":"https:\/\/lescocosensuede.com\/sv\/wp-json\/wp\/v2\/product_brand?post=417"},{"taxonomy":"product_cat","embeddable":true,"href":"https:\/\/lescocosensuede.com\/sv\/wp-json\/wp\/v2\/product_cat?post=417"},{"taxonomy":"product_tag","embeddable":true,"href":"https:\/\/lescocosensuede.com\/sv\/wp-json\/wp\/v2\/product_tag?post=417"}],"curies":[{"name":"wp","href":"https:\/\/api.w.org\/{rel}","templated":true}]}}