{"id":324,"date":"2023-05-03T15:34:40","date_gmt":"2023-05-03T13:34:40","guid":{"rendered":"https:\/\/lescocosensuede.com\/?post_type=product&#038;p=324"},"modified":"2024-12-16T14:10:54","modified_gmt":"2024-12-16T13:10:54","slug":"lingettes-demaquillantes-4","status":"publish","type":"product","link":"https:\/\/lescocosensuede.com\/sv\/produit\/lingettes-demaquillantes-4\/","title":{"rendered":"Tv\u00e4ttlappar till makeup (x 2)"},"content":{"rendered":"<p>Dessa tv\u00e4ttlappar \u00e4r mjuka och ekologiska alternativ till eng\u00e5ngsartiklar. De \u00e4r m\u00e5ngsidiga och l\u00e4mpliga f\u00f6r hela familjen.<\/p>\n<p>&nbsp;<\/p>\n<p>Sammans\u00e4ttning: Muslintyg och mikrofiberfrott\u00e9.<\/p>\n<p>M\u00e5tt: ca 9 x 10 cm.<\/p>\n<p>Sk\u00f6tsel: Alla tyger tv\u00e4ttas noggrant f\u00f6re s\u00f6mnad och \u00e4r d\u00e4rf\u00f6r redo att anv\u00e4ndas direkt. Du kan l\u00e4gga dem i tv\u00e4ttmaskinen med resten av hush\u00e5llets tv\u00e4tt (max 60\u00b0C), f\u00f6ljt av torktumling.<\/p>\n","protected":false},"excerpt":{"rendered":"<p>Dessa tv\u00e4ttlappar \u00e4r mjuka och ekologiska alternativ till eng\u00e5ngsartiklar. De \u00e4r m\u00e5ngsidiga och l\u00e4mpliga f\u00f6r hela familjen. &nbsp; Sammans\u00e4ttning: Muslintyg och mikrofiberfrott\u00e9. M\u00e5tt: ca 9 x 10 cm. Sk\u00f6tsel: Alla tyger tv\u00e4ttas noggrant f\u00f6re s\u00f6mnad och \u00e4r d\u00e4rf\u00f6r redo att anv\u00e4ndas direkt. Du kan l\u00e4gga dem i tv\u00e4ttmaskinen med resten av hush\u00e5llets tv\u00e4tt (max 60\u00b0C), [&hellip;]<\/p>\n","protected":false},"featured_media":471,"template":"","meta":{"_acf_changed":false},"product_brand":[],"product_cat":[33],"product_tag":[],"class_list":{"0":"post-324","1":"product","2":"type-product","3":"status-publish","4":"has-post-thumbnail","6":"product_cat-lingettes-demaquillantes","8":"first","9":"instock","10":"sold-individually","11":"taxable","12":"shipping-taxable","13":"purchasable","14":"product-type-simple"},"acf":[],"jetpack_sharing_enabled":true,"_links":{"self":[{"href":"https:\/\/lescocosensuede.com\/sv\/wp-json\/wp\/v2\/product\/324","targetHints":{"allow":["GET"]}}],"collection":[{"href":"https:\/\/lescocosensuede.com\/sv\/wp-json\/wp\/v2\/product"}],"about":[{"href":"https:\/\/lescocosensuede.com\/sv\/wp-json\/wp\/v2\/types\/product"}],"wp:featuredmedia":[{"embeddable":true,"href":"https:\/\/lescocosensuede.com\/sv\/wp-json\/wp\/v2\/media\/471"}],"wp:attachment":[{"href":"https:\/\/lescocosensuede.com\/sv\/wp-json\/wp\/v2\/media?parent=324"}],"wp:term":[{"taxonomy":"product_brand","embeddable":true,"href":"https:\/\/lescocosensuede.com\/sv\/wp-json\/wp\/v2\/product_brand?post=324"},{"taxonomy":"product_cat","embeddable":true,"href":"https:\/\/lescocosensuede.com\/sv\/wp-json\/wp\/v2\/product_cat?post=324"},{"taxonomy":"product_tag","embeddable":true,"href":"https:\/\/lescocosensuede.com\/sv\/wp-json\/wp\/v2\/product_tag?post=324"}],"curies":[{"name":"wp","href":"https:\/\/api.w.org\/{rel}","templated":true}]}}