{"id":313,"date":"2023-05-03T15:37:57","date_gmt":"2023-05-03T13:37:57","guid":{"rendered":"https:\/\/lescocosensuede.com\/?post_type=product&#038;p=313"},"modified":"2025-12-11T21:26:41","modified_gmt":"2025-12-11T20:26:41","slug":"eponge-lavable-4","status":"publish","type":"product","link":"https:\/\/lescocosensuede.com\/sv\/produit\/eponge-lavable-4\/","title":{"rendered":"Tv\u00e4ttbar disksvamp"},"content":{"rendered":"<p>Dessa tv\u00e4ttbara disksvampar \u00e4r handvirkade av bomullsgarn.<\/p>\n<p>De \u00e4r milj\u00f6v\u00e4nliga och b\u00f6r spara en slant.<\/p>\n<p>Anv\u00e4nd dem som en klassisk tv\u00e4ttsvamp och tv\u00e4tta dem vid behov.<\/p>\n<p>&nbsp;<\/p>\n<p>Sammans\u00e4ttning: 100% bomullsgarn<\/p>\n<p>Storlek: ca 10 x 11 cm.<\/p>\n<p>Underh\u00e5ll: \u00c4r redo att anv\u00e4ndas direkt. Maskintv\u00e4ttas med resten av tv\u00e4tten (60\u00b0C), f\u00f6ljt av torktumling.<\/p>\n","protected":false},"excerpt":{"rendered":"<p>Dessa tv\u00e4ttbara disksvampar \u00e4r handvirkade av bomullsgarn. De \u00e4r milj\u00f6v\u00e4nliga och b\u00f6r spara en slant. Anv\u00e4nd dem som en klassisk tv\u00e4ttsvamp och tv\u00e4tta dem vid behov. &nbsp; Sammans\u00e4ttning: 100% bomullsgarn Storlek: ca 10 x 11 cm. Underh\u00e5ll: \u00c4r redo att anv\u00e4ndas direkt. Maskintv\u00e4ttas med resten av tv\u00e4tten (60\u00b0C), f\u00f6ljt av torktumling.<\/p>\n","protected":false},"featured_media":314,"template":"","meta":{"_acf_changed":false},"product_brand":[],"product_cat":[60],"product_tag":[],"class_list":{"0":"post-313","1":"product","2":"type-product","3":"status-publish","4":"has-post-thumbnail","6":"product_cat-la-cuisine","8":"first","9":"instock","10":"sold-individually","11":"taxable","12":"shipping-taxable","13":"purchasable","14":"product-type-simple"},"acf":[],"jetpack_sharing_enabled":true,"_links":{"self":[{"href":"https:\/\/lescocosensuede.com\/sv\/wp-json\/wp\/v2\/product\/313","targetHints":{"allow":["GET"]}}],"collection":[{"href":"https:\/\/lescocosensuede.com\/sv\/wp-json\/wp\/v2\/product"}],"about":[{"href":"https:\/\/lescocosensuede.com\/sv\/wp-json\/wp\/v2\/types\/product"}],"wp:featuredmedia":[{"embeddable":true,"href":"https:\/\/lescocosensuede.com\/sv\/wp-json\/wp\/v2\/media\/314"}],"wp:attachment":[{"href":"https:\/\/lescocosensuede.com\/sv\/wp-json\/wp\/v2\/media?parent=313"}],"wp:term":[{"taxonomy":"product_brand","embeddable":true,"href":"https:\/\/lescocosensuede.com\/sv\/wp-json\/wp\/v2\/product_brand?post=313"},{"taxonomy":"product_cat","embeddable":true,"href":"https:\/\/lescocosensuede.com\/sv\/wp-json\/wp\/v2\/product_cat?post=313"},{"taxonomy":"product_tag","embeddable":true,"href":"https:\/\/lescocosensuede.com\/sv\/wp-json\/wp\/v2\/product_tag?post=313"}],"curies":[{"name":"wp","href":"https:\/\/api.w.org\/{rel}","templated":true}]}}