{"id":2762,"date":"2025-12-11T22:11:51","date_gmt":"2025-12-11T21:11:51","guid":{"rendered":"https:\/\/lescocosensuede.com\/?post_type=product&#038;p=2762"},"modified":"2025-12-12T10:55:20","modified_gmt":"2025-12-12T09:55:20","slug":"porte-monnaie-9","status":"publish","type":"product","link":"https:\/\/lescocosensuede.com\/sv\/produit\/porte-monnaie-9\/","title":{"rendered":"Portmonn\u00e4"},"content":{"rendered":"<p>Sm\u00e5 portmonn\u00e4er, anv\u00e4ndbara och praktiska, skapta med v\u00e5ra favorittyger f\u00f6r vardagsbruk. Olika f\u00e4rgade fordringar f\u00f6r varje objekt.<\/p>\n<p><span style=\"font-weight: 400\">Alla modeller i denna kollektion \u00e4r unika och sydda med k\u00e4rlek.<\/span><\/p>\n<p>&nbsp;<\/p>\n<p><span style=\"font-weight: 400\">Sammans\u00e4ttning: Bomull.<\/span><\/p>\n<p><span style=\"font-weight: 400\">Storlek: Cirka 12 cm x 8 cm<\/span><\/p>\n<p><span style=\"font-weight: 400\">Sk\u00f6tsel: Alla tyger tv\u00e4ttas noggrant f\u00f6re s\u00f6mnad och \u00e4r d\u00e4rf\u00f6r redo att anv\u00e4ndas direkt. <\/span><\/p>\n","protected":false},"excerpt":{"rendered":"<p>Sm\u00e5 portmonn\u00e4er, anv\u00e4ndbara och praktiska, skapta med v\u00e5ra favorittyger f\u00f6r vardagsbruk. Olika f\u00e4rgade fordringar f\u00f6r varje objekt. Alla modeller i denna kollektion \u00e4r unika och sydda med k\u00e4rlek. &nbsp; Sammans\u00e4ttning: Bomull. Storlek: Cirka 12 cm x 8 cm Sk\u00f6tsel: Alla tyger tv\u00e4ttas noggrant f\u00f6re s\u00f6mnad och \u00e4r d\u00e4rf\u00f6r redo att anv\u00e4ndas direkt.<\/p>\n","protected":false},"featured_media":2763,"template":"","meta":{"_acf_changed":false},"product_brand":[],"product_cat":[52],"product_tag":[],"class_list":{"0":"post-2762","1":"product","2":"type-product","3":"status-publish","4":"has-post-thumbnail","6":"product_cat-porte-cartes-et-porte-monnaies","8":"first","9":"instock","10":"taxable","11":"shipping-taxable","12":"purchasable","13":"product-type-simple"},"acf":[],"jetpack_sharing_enabled":true,"_links":{"self":[{"href":"https:\/\/lescocosensuede.com\/sv\/wp-json\/wp\/v2\/product\/2762","targetHints":{"allow":["GET"]}}],"collection":[{"href":"https:\/\/lescocosensuede.com\/sv\/wp-json\/wp\/v2\/product"}],"about":[{"href":"https:\/\/lescocosensuede.com\/sv\/wp-json\/wp\/v2\/types\/product"}],"wp:featuredmedia":[{"embeddable":true,"href":"https:\/\/lescocosensuede.com\/sv\/wp-json\/wp\/v2\/media\/2763"}],"wp:attachment":[{"href":"https:\/\/lescocosensuede.com\/sv\/wp-json\/wp\/v2\/media?parent=2762"}],"wp:term":[{"taxonomy":"product_brand","embeddable":true,"href":"https:\/\/lescocosensuede.com\/sv\/wp-json\/wp\/v2\/product_brand?post=2762"},{"taxonomy":"product_cat","embeddable":true,"href":"https:\/\/lescocosensuede.com\/sv\/wp-json\/wp\/v2\/product_cat?post=2762"},{"taxonomy":"product_tag","embeddable":true,"href":"https:\/\/lescocosensuede.com\/sv\/wp-json\/wp\/v2\/product_tag?post=2762"}],"curies":[{"name":"wp","href":"https:\/\/api.w.org\/{rel}","templated":true}]}}