{"id":2683,"date":"2025-12-11T17:52:39","date_gmt":"2025-12-11T16:52:39","guid":{"rendered":"https:\/\/lescocosensuede.com\/?post_type=product&#038;p=2683"},"modified":"2025-12-11T18:05:34","modified_gmt":"2025-12-11T17:05:34","slug":"pochette-livre-et-liseuse-2","status":"publish","type":"product","link":"https:\/\/lescocosensuede.com\/sv\/produit\/pochette-livre-et-liseuse-2\/","title":{"rendered":"Fodral till bok och l\u00e4splatta"},"content":{"rendered":"<p><span style=\"font-weight: 400\">Transportera dina pocketb\u00f6cker och l\u00e4splattor i detta snygga och skyddande fodral. Storleken \u00e4r kompatibel med de flesta l\u00e4splattor. Ett bokm\u00e4rke f\u00f6ljer med varje fodral.<\/span><\/p>\n<p><span style=\"font-weight: 400\">Viktigt: m\u00e4t din l\u00e4splatta och verifiera att storleken passar.<\/span><\/p>\n<p>&nbsp;<\/p>\n<p><span style=\"font-weight: 400\">Sammans\u00e4ttning: Frott\u00e9tyg och bomull. Syntetisk stoppning.<\/span><\/p>\n<p><span style=\"font-weight: 400\">M\u00e5tt: 16 cm x 20 cm.<\/span><\/p>\n<p><span style=\"font-weight: 400\">Underh\u00e5ll: Redo att anv\u00e4ndas direkt. Tv\u00e4ttas och torktumlas med resten av din tv\u00e4tt (40\u00b0C).<\/span><\/p>\n<p>&nbsp;<\/p>\n","protected":false},"excerpt":{"rendered":"<p>Transportera dina pocketb\u00f6cker och l\u00e4splattor i detta snygga och skyddande fodral. Storleken \u00e4r kompatibel med de flesta l\u00e4splattor. Ett bokm\u00e4rke f\u00f6ljer med varje fodral. Viktigt: m\u00e4t din l\u00e4splatta och verifiera att storleken passar. &nbsp; Sammans\u00e4ttning: Frott\u00e9tyg och bomull. Syntetisk stoppning. M\u00e5tt: 16 cm x 20 cm. Underh\u00e5ll: Redo att anv\u00e4ndas direkt. Tv\u00e4ttas och torktumlas med [&hellip;]<\/p>\n","protected":false},"featured_media":2684,"template":"","meta":{"_acf_changed":false},"product_brand":[],"product_cat":[50],"product_tag":[],"class_list":{"0":"post-2683","1":"product","2":"type-product","3":"status-publish","4":"has-post-thumbnail","6":"product_cat-pochette-liseuse","8":"first","9":"instock","10":"taxable","11":"shipping-taxable","12":"purchasable","13":"product-type-simple"},"acf":[],"jetpack_sharing_enabled":true,"_links":{"self":[{"href":"https:\/\/lescocosensuede.com\/sv\/wp-json\/wp\/v2\/product\/2683","targetHints":{"allow":["GET"]}}],"collection":[{"href":"https:\/\/lescocosensuede.com\/sv\/wp-json\/wp\/v2\/product"}],"about":[{"href":"https:\/\/lescocosensuede.com\/sv\/wp-json\/wp\/v2\/types\/product"}],"wp:featuredmedia":[{"embeddable":true,"href":"https:\/\/lescocosensuede.com\/sv\/wp-json\/wp\/v2\/media\/2684"}],"wp:attachment":[{"href":"https:\/\/lescocosensuede.com\/sv\/wp-json\/wp\/v2\/media?parent=2683"}],"wp:term":[{"taxonomy":"product_brand","embeddable":true,"href":"https:\/\/lescocosensuede.com\/sv\/wp-json\/wp\/v2\/product_brand?post=2683"},{"taxonomy":"product_cat","embeddable":true,"href":"https:\/\/lescocosensuede.com\/sv\/wp-json\/wp\/v2\/product_cat?post=2683"},{"taxonomy":"product_tag","embeddable":true,"href":"https:\/\/lescocosensuede.com\/sv\/wp-json\/wp\/v2\/product_tag?post=2683"}],"curies":[{"name":"wp","href":"https:\/\/api.w.org\/{rel}","templated":true}]}}