{"id":2621,"date":"2025-12-11T12:14:21","date_gmt":"2025-12-11T11:14:21","guid":{"rendered":"https:\/\/lescocosensuede.com\/?post_type=product&#038;p=2621"},"modified":"2025-12-11T12:56:10","modified_gmt":"2025-12-11T11:56:10","slug":"paniere-pochon-4","status":"publish","type":"product","link":"https:\/\/lescocosensuede.com\/sv\/produit\/paniere-pochon-4\/","title":{"rendered":"Projektp\u00e5se"},"content":{"rendered":"<p><span style=\"font-weight: 400\">Denna projektp\u00e5se \u00e4r perfekt f\u00f6r att b\u00e4ra runt p\u00e5 dina toalettartiklar, eller dina vardagsprojekt (stickning, virkning, m\u00e5leri)\u2026 Den \u00e4r mjuk och f\u00e5r enkelt plats i din resv\u00e4ska.<\/span><\/p>\n<p><span style=\"font-weight: 400\">Alla modeller i denna kollektion \u00e4r unika och sydda med k\u00e4rlek.<\/span><\/p>\n<p>&nbsp;<\/p>\n<p><span style=\"font-weight: 400\">Sammans\u00e4ttning: Oeko-Tex bomull och fordring i syntetiskt tyg. Sn\u00f6re i bomull.<\/span><\/p>\n<p><span style=\"font-weight: 400\">Storlek: Cirka 15 x 17 cm<\/span><\/p>\n<p><span style=\"font-weight: 400\">Sk\u00f6tsel: Alla tyger tv\u00e4ttas noggrant f\u00f6re s\u00f6mnad och \u00e4r d\u00e4rf\u00f6r redo att anv\u00e4ndas direkt. Vi rekommenderar handtv\u00e4tt eller maskintv\u00e4tt vid l\u00e5g temperatur (max 40\u00b0C) och lufttorkning.<\/span><\/p>\n","protected":false},"excerpt":{"rendered":"<p>Denna projektp\u00e5se \u00e4r perfekt f\u00f6r att b\u00e4ra runt p\u00e5 dina toalettartiklar, eller dina vardagsprojekt (stickning, virkning, m\u00e5leri)\u2026 Den \u00e4r mjuk och f\u00e5r enkelt plats i din resv\u00e4ska. Alla modeller i denna kollektion \u00e4r unika och sydda med k\u00e4rlek. &nbsp; Sammans\u00e4ttning: Oeko-Tex bomull och fordring i syntetiskt tyg. Sn\u00f6re i bomull. Storlek: Cirka 15 x 17 [&hellip;]<\/p>\n","protected":false},"featured_media":2622,"template":"","meta":{"_acf_changed":false},"product_brand":[],"product_cat":[53],"product_tag":[],"class_list":{"0":"post-2621","1":"product","2":"type-product","3":"status-publish","4":"has-post-thumbnail","6":"product_cat-pochon","8":"first","9":"instock","10":"taxable","11":"shipping-taxable","12":"purchasable","13":"product-type-simple"},"acf":[],"jetpack_sharing_enabled":true,"_links":{"self":[{"href":"https:\/\/lescocosensuede.com\/sv\/wp-json\/wp\/v2\/product\/2621","targetHints":{"allow":["GET"]}}],"collection":[{"href":"https:\/\/lescocosensuede.com\/sv\/wp-json\/wp\/v2\/product"}],"about":[{"href":"https:\/\/lescocosensuede.com\/sv\/wp-json\/wp\/v2\/types\/product"}],"wp:featuredmedia":[{"embeddable":true,"href":"https:\/\/lescocosensuede.com\/sv\/wp-json\/wp\/v2\/media\/2622"}],"wp:attachment":[{"href":"https:\/\/lescocosensuede.com\/sv\/wp-json\/wp\/v2\/media?parent=2621"}],"wp:term":[{"taxonomy":"product_brand","embeddable":true,"href":"https:\/\/lescocosensuede.com\/sv\/wp-json\/wp\/v2\/product_brand?post=2621"},{"taxonomy":"product_cat","embeddable":true,"href":"https:\/\/lescocosensuede.com\/sv\/wp-json\/wp\/v2\/product_cat?post=2621"},{"taxonomy":"product_tag","embeddable":true,"href":"https:\/\/lescocosensuede.com\/sv\/wp-json\/wp\/v2\/product_tag?post=2621"}],"curies":[{"name":"wp","href":"https:\/\/api.w.org\/{rel}","templated":true}]}}