{"id":2613,"date":"2025-12-11T08:31:32","date_gmt":"2025-12-11T07:31:32","guid":{"rendered":"https:\/\/lescocosensuede.com\/?post_type=product&#038;p=2613"},"modified":"2025-12-11T08:35:20","modified_gmt":"2025-12-11T07:35:20","slug":"banane-light-2","status":"publish","type":"product","link":"https:\/\/lescocosensuede.com\/sv\/produit\/banane-light-2\/","title":{"rendered":"Midjev\u00e4ska light"},"content":{"rendered":"<p><span style=\"font-weight: 400\">En midjev\u00e4ska i vintagestil, med en modern tolkning f\u00f6r en stilren look.<\/span><\/p>\n<p>Dessa midjev\u00e4skor \u00e4r mjukare och l\u00e4ttare \u00e4n ursprungsmodellen och har mer plats. De kommer i tv\u00e5 stilar: en koordination av mjuk bomull i pastellf\u00e4rger, som f\u00f6r minnet till 90-talet, eller en blandning av bomull och fuskp\u00e4ls f\u00f6r en mer originell stil. Notera det f\u00e4rgade fodret i vintagestil.<\/p>\n<p>Alla modeller i denna kollektion \u00e4r unika och sydda med k\u00e4rlek.<\/p>\n<p>&nbsp;<\/p>\n<p>Sammans\u00e4ttning: 100 % Oeko-Tex bomull (5% elastan). Handtag i bomull.<br \/>\nStorlek: Cirka 32 x 23 cm<br \/>\nSk\u00f6tsel: Alla tyger tv\u00e4ttas noggrant f\u00f6re s\u00f6mnad och \u00e4r d\u00e4rf\u00f6r redo att anv\u00e4ndas direkt. Vi rekommenderar handtv\u00e4tt eller maskintv\u00e4tt vid l\u00e5g temperatur (max 40\u00b0C) och lufttorkning.<\/p>\n","protected":false},"excerpt":{"rendered":"<p>En midjev\u00e4ska i vintagestil, med en modern tolkning f\u00f6r en stilren look. Dessa midjev\u00e4skor \u00e4r mjukare och l\u00e4ttare \u00e4n ursprungsmodellen och har mer plats. De kommer i tv\u00e5 stilar: en koordination av mjuk bomull i pastellf\u00e4rger, som f\u00f6r minnet till 90-talet, eller en blandning av bomull och fuskp\u00e4ls f\u00f6r en mer originell stil. Notera det [&hellip;]<\/p>\n","protected":false},"featured_media":2614,"template":"","meta":{"_acf_changed":false},"product_brand":[],"product_cat":[47],"product_tag":[],"class_list":{"0":"post-2613","1":"product","2":"type-product","3":"status-publish","4":"has-post-thumbnail","6":"product_cat-sac","8":"first","9":"instock","10":"taxable","11":"shipping-taxable","12":"purchasable","13":"product-type-simple"},"acf":[],"jetpack_sharing_enabled":true,"_links":{"self":[{"href":"https:\/\/lescocosensuede.com\/sv\/wp-json\/wp\/v2\/product\/2613","targetHints":{"allow":["GET"]}}],"collection":[{"href":"https:\/\/lescocosensuede.com\/sv\/wp-json\/wp\/v2\/product"}],"about":[{"href":"https:\/\/lescocosensuede.com\/sv\/wp-json\/wp\/v2\/types\/product"}],"wp:featuredmedia":[{"embeddable":true,"href":"https:\/\/lescocosensuede.com\/sv\/wp-json\/wp\/v2\/media\/2614"}],"wp:attachment":[{"href":"https:\/\/lescocosensuede.com\/sv\/wp-json\/wp\/v2\/media?parent=2613"}],"wp:term":[{"taxonomy":"product_brand","embeddable":true,"href":"https:\/\/lescocosensuede.com\/sv\/wp-json\/wp\/v2\/product_brand?post=2613"},{"taxonomy":"product_cat","embeddable":true,"href":"https:\/\/lescocosensuede.com\/sv\/wp-json\/wp\/v2\/product_cat?post=2613"},{"taxonomy":"product_tag","embeddable":true,"href":"https:\/\/lescocosensuede.com\/sv\/wp-json\/wp\/v2\/product_tag?post=2613"}],"curies":[{"name":"wp","href":"https:\/\/api.w.org\/{rel}","templated":true}]}}