{"id":2513,"date":"2025-10-08T10:13:18","date_gmt":"2025-10-08T08:13:18","guid":{"rendered":"https:\/\/lescocosensuede.com\/?post_type=product&#038;p=2513"},"modified":"2025-10-08T10:56:33","modified_gmt":"2025-10-08T08:56:33","slug":"sac-en-tissu-10","status":"publish","type":"product","link":"https:\/\/lescocosensuede.com\/sv\/produit\/sac-en-tissu-10\/","title":{"rendered":"Bag"},"content":{"rendered":"<p>Handgjord tygv\u00e4ska. <span style=\"font-weight: 400\">Sydd med ett vintagetyg som har quiltats f\u00f6r att skapa ett tjockt och stoppat material. Ullfodring. <\/span>Slitstark, originell och elegant i en bohemsk stil, f\u00f6r vardagligt bruk.<\/p>\n<p>Alla modeller i denna kollektion \u00e4r unika och sydda med k\u00e4rlek.<\/p>\n<p>&nbsp;<\/p>\n<p>Sammans\u00e4ttning: Upcycled tyg. Handtag i bomull. Syntetisk stoppning.<\/p>\n<p>Storlek: Cirka 47 x 46 x 14 cm.<\/p>\n<p>Sk\u00f6tsel: Alla tyger tv\u00e4ttas noggrant f\u00f6re s\u00f6mnad och \u00e4r d\u00e4rf\u00f6r redo att anv\u00e4ndas direkt. Vi rekommenderar handtv\u00e4tt eller maskintv\u00e4tt vid l\u00e5g temperatur (max 40\u00b0C) och lufttorkning.<\/p>\n","protected":false},"excerpt":{"rendered":"<p>Handgjord tygv\u00e4ska. Sydd med ett vintagetyg som har quiltats f\u00f6r att skapa ett tjockt och stoppat material. Ullfodring. Slitstark, originell och elegant i en bohemsk stil, f\u00f6r vardagligt bruk. Alla modeller i denna kollektion \u00e4r unika och sydda med k\u00e4rlek. &nbsp; Sammans\u00e4ttning: Upcycled tyg. Handtag i bomull. Syntetisk stoppning. Storlek: Cirka 47 x 46 x [&hellip;]<\/p>\n","protected":false},"featured_media":2510,"template":"","meta":{"_acf_changed":false},"product_brand":[],"product_cat":[59],"product_tag":[],"class_list":{"0":"post-2513","1":"product","2":"type-product","3":"status-publish","4":"has-post-thumbnail","6":"product_cat-upcycled","8":"first","9":"instock","10":"taxable","11":"shipping-taxable","12":"purchasable","13":"product-type-simple"},"acf":[],"jetpack_sharing_enabled":true,"_links":{"self":[{"href":"https:\/\/lescocosensuede.com\/sv\/wp-json\/wp\/v2\/product\/2513","targetHints":{"allow":["GET"]}}],"collection":[{"href":"https:\/\/lescocosensuede.com\/sv\/wp-json\/wp\/v2\/product"}],"about":[{"href":"https:\/\/lescocosensuede.com\/sv\/wp-json\/wp\/v2\/types\/product"}],"wp:featuredmedia":[{"embeddable":true,"href":"https:\/\/lescocosensuede.com\/sv\/wp-json\/wp\/v2\/media\/2510"}],"wp:attachment":[{"href":"https:\/\/lescocosensuede.com\/sv\/wp-json\/wp\/v2\/media?parent=2513"}],"wp:term":[{"taxonomy":"product_brand","embeddable":true,"href":"https:\/\/lescocosensuede.com\/sv\/wp-json\/wp\/v2\/product_brand?post=2513"},{"taxonomy":"product_cat","embeddable":true,"href":"https:\/\/lescocosensuede.com\/sv\/wp-json\/wp\/v2\/product_cat?post=2513"},{"taxonomy":"product_tag","embeddable":true,"href":"https:\/\/lescocosensuede.com\/sv\/wp-json\/wp\/v2\/product_tag?post=2513"}],"curies":[{"name":"wp","href":"https:\/\/api.w.org\/{rel}","templated":true}]}}