{"id":2508,"date":"2025-10-08T10:03:58","date_gmt":"2025-10-08T08:03:58","guid":{"rendered":"https:\/\/lescocosensuede.com\/?post_type=product&#038;p=2508"},"modified":"2025-10-08T10:46:58","modified_gmt":"2025-10-08T08:46:58","slug":"sac-en-tissu-9","status":"publish","type":"product","link":"https:\/\/lescocosensuede.com\/sv\/produit\/sac-en-tissu-9\/","title":{"rendered":"Tygv\u00e4ska"},"content":{"rendered":"<p>Handgjord tygv\u00e4ska typ Tote bag eller Cabas. <span style=\"font-weight: 400\">Sydd med ett tjockt m\u00f6nstrat yttertyg och med 100% bomullsfodring. <\/span>Slitstark, originell och elegant i en bohemsk stil, f\u00f6r vardagligt bruk.<\/p>\n<p>Alla modeller i denna kollektion \u00e4r unika och sydda med k\u00e4rlek.<\/p>\n<p>&nbsp;<\/p>\n<p>Sammans\u00e4ttning: Upcycled tyg. Handtag i bomull. Syntetisk stoppning.<\/p>\n<p>Storlek: Cirka 45 x 36 cm (exklusive volangerna).<\/p>\n<p>Sk\u00f6tsel: Alla tyger tv\u00e4ttas noggrant f\u00f6re s\u00f6mnad och \u00e4r d\u00e4rf\u00f6r redo att anv\u00e4ndas direkt. Vi rekommenderar handtv\u00e4tt eller maskintv\u00e4tt vid l\u00e5g temperatur (max 40\u00b0C) och lufttorkning.<\/p>\n","protected":false},"excerpt":{"rendered":"<p>Handgjord tygv\u00e4ska typ Tote bag eller Cabas. Sydd med ett tjockt m\u00f6nstrat yttertyg och med 100% bomullsfodring. Slitstark, originell och elegant i en bohemsk stil, f\u00f6r vardagligt bruk. Alla modeller i denna kollektion \u00e4r unika och sydda med k\u00e4rlek. &nbsp; Sammans\u00e4ttning: Upcycled tyg. Handtag i bomull. Syntetisk stoppning. Storlek: Cirka 45 x 36 cm (exklusive [&hellip;]<\/p>\n","protected":false},"featured_media":2509,"template":"","meta":{"_acf_changed":false},"product_brand":[],"product_cat":[59],"product_tag":[],"class_list":{"0":"post-2508","1":"product","2":"type-product","3":"status-publish","4":"has-post-thumbnail","6":"product_cat-upcycled","8":"first","9":"instock","10":"taxable","11":"shipping-taxable","12":"purchasable","13":"product-type-simple"},"acf":[],"jetpack_sharing_enabled":true,"_links":{"self":[{"href":"https:\/\/lescocosensuede.com\/sv\/wp-json\/wp\/v2\/product\/2508","targetHints":{"allow":["GET"]}}],"collection":[{"href":"https:\/\/lescocosensuede.com\/sv\/wp-json\/wp\/v2\/product"}],"about":[{"href":"https:\/\/lescocosensuede.com\/sv\/wp-json\/wp\/v2\/types\/product"}],"wp:featuredmedia":[{"embeddable":true,"href":"https:\/\/lescocosensuede.com\/sv\/wp-json\/wp\/v2\/media\/2509"}],"wp:attachment":[{"href":"https:\/\/lescocosensuede.com\/sv\/wp-json\/wp\/v2\/media?parent=2508"}],"wp:term":[{"taxonomy":"product_brand","embeddable":true,"href":"https:\/\/lescocosensuede.com\/sv\/wp-json\/wp\/v2\/product_brand?post=2508"},{"taxonomy":"product_cat","embeddable":true,"href":"https:\/\/lescocosensuede.com\/sv\/wp-json\/wp\/v2\/product_cat?post=2508"},{"taxonomy":"product_tag","embeddable":true,"href":"https:\/\/lescocosensuede.com\/sv\/wp-json\/wp\/v2\/product_tag?post=2508"}],"curies":[{"name":"wp","href":"https:\/\/api.w.org\/{rel}","templated":true}]}}