{"id":2430,"date":"2025-05-30T17:34:48","date_gmt":"2025-05-30T15:34:48","guid":{"rendered":"https:\/\/lescocosensuede.com\/?post_type=product&#038;p=2430"},"modified":"2025-05-30T17:36:13","modified_gmt":"2025-05-30T15:36:13","slug":"chouchou-30","status":"publish","type":"product","link":"https:\/\/lescocosensuede.com\/sv\/produit\/chouchou-30\/","title":{"rendered":"Scrunchie"},"content":{"rendered":"<p>Klassikernas klassiker, men \u00e5terbes\u00f6kt i v\u00e5r stil, med blommor eller m\u00e4ngder av muslintyg. Den \u00e4r lika vacker i h\u00e5ret som den \u00e4r p\u00e5 handleden. Oumb\u00e4rligt!<\/p>\n<p>Alla produkter i denna kollektion \u00e4r unika och sydda med k\u00e4rlek.<\/p>\n<p>&nbsp;<\/p>\n<p>Sammans\u00e4ttning: Bomullstyg.<\/p>\n<p>M\u00e5tt: ca 13 cm i diameter.<\/p>\n<p>Sk\u00f6tsel: Alla tyger tv\u00e4ttas noggrant f\u00f6re s\u00f6mnad och \u00e4r d\u00e4rf\u00f6r redo att anv\u00e4ndas direkt. Vi rekommenderar handtv\u00e4tt och lufttorkning.<\/p>\n","protected":false},"excerpt":{"rendered":"<p>Klassikernas klassiker, men \u00e5terbes\u00f6kt i v\u00e5r stil, med blommor eller m\u00e4ngder av muslintyg. Den \u00e4r lika vacker i h\u00e5ret som den \u00e4r p\u00e5 handleden. Oumb\u00e4rligt! Alla produkter i denna kollektion \u00e4r unika och sydda med k\u00e4rlek. &nbsp; Sammans\u00e4ttning: Bomullstyg. M\u00e5tt: ca 13 cm i diameter. Sk\u00f6tsel: Alla tyger tv\u00e4ttas noggrant f\u00f6re s\u00f6mnad och \u00e4r d\u00e4rf\u00f6r [&hellip;]<\/p>\n","protected":false},"featured_media":2431,"template":"","meta":{"_acf_changed":false},"product_brand":[],"product_cat":[32],"product_tag":[],"class_list":{"0":"post-2430","1":"product","2":"type-product","3":"status-publish","4":"has-post-thumbnail","6":"product_cat-les-chouchous","8":"first","9":"instock","10":"sold-individually","11":"taxable","12":"shipping-taxable","13":"purchasable","14":"product-type-simple"},"acf":[],"jetpack_sharing_enabled":true,"_links":{"self":[{"href":"https:\/\/lescocosensuede.com\/sv\/wp-json\/wp\/v2\/product\/2430","targetHints":{"allow":["GET"]}}],"collection":[{"href":"https:\/\/lescocosensuede.com\/sv\/wp-json\/wp\/v2\/product"}],"about":[{"href":"https:\/\/lescocosensuede.com\/sv\/wp-json\/wp\/v2\/types\/product"}],"wp:featuredmedia":[{"embeddable":true,"href":"https:\/\/lescocosensuede.com\/sv\/wp-json\/wp\/v2\/media\/2431"}],"wp:attachment":[{"href":"https:\/\/lescocosensuede.com\/sv\/wp-json\/wp\/v2\/media?parent=2430"}],"wp:term":[{"taxonomy":"product_brand","embeddable":true,"href":"https:\/\/lescocosensuede.com\/sv\/wp-json\/wp\/v2\/product_brand?post=2430"},{"taxonomy":"product_cat","embeddable":true,"href":"https:\/\/lescocosensuede.com\/sv\/wp-json\/wp\/v2\/product_cat?post=2430"},{"taxonomy":"product_tag","embeddable":true,"href":"https:\/\/lescocosensuede.com\/sv\/wp-json\/wp\/v2\/product_tag?post=2430"}],"curies":[{"name":"wp","href":"https:\/\/api.w.org\/{rel}","templated":true}]}}