{"id":2037,"date":"2025-03-29T08:51:35","date_gmt":"2025-03-29T07:51:35","guid":{"rendered":"https:\/\/lescocosensuede.com\/?post_type=product&#038;p=2037"},"modified":"2025-03-29T09:16:21","modified_gmt":"2025-03-29T08:16:21","slug":"trousse-de-toilette-l-5","status":"publish","type":"product","link":"https:\/\/lescocosensuede.com\/sv\/produit\/trousse-de-toilette-l-5\/","title":{"rendered":"Necess\u00e4r L"},"content":{"rendered":"<p>En m\u00e4ngd olika former, texturer och designer f\u00f6r v\u00e5ra necess\u00e4rer som f\u00f6ljer dig i din vardag, s\u00e5v\u00e4l som i hemmet som p\u00e5 resa. Samtliga modeller \u00e4r handsydda, eleganta och slitstarka.<\/p>\n<p>Detta \u00e4r den stora rektangul\u00e4ra modellen; v\u00e5r st\u00f6rsta necess\u00e4r. Unik stil med volanger och med en insida i strukturerat tyg.<\/p>\n<p>Alla modeller i denna kollektion \u00e4r unika och sydda med k\u00e4rlek.<\/p>\n<p>&nbsp;<\/p>\n<p>Sammans\u00e4ttning:\u00a0 Bomull och Viskos Oeko-Tex.<br \/>\nStorlek: Cirka 23cm x 12cm x 11cm.<br \/>\nSk\u00f6tsel: Alla tyger tv\u00e4ttas noggrant f\u00f6re s\u00f6mnad och \u00e4r d\u00e4rf\u00f6r redo att anv\u00e4ndas direkt. Vi rekommenderar handtv\u00e4tt eller maskintv\u00e4tt vid l\u00e5g temperatur (max 40\u00b0C) och lufttorkning.<\/p>\n<p>&nbsp;<\/p>\n","protected":false},"excerpt":{"rendered":"<p>En m\u00e4ngd olika former, texturer och designer f\u00f6r v\u00e5ra necess\u00e4rer som f\u00f6ljer dig i din vardag, s\u00e5v\u00e4l som i hemmet som p\u00e5 resa. Samtliga modeller \u00e4r handsydda, eleganta och slitstarka. Detta \u00e4r den stora rektangul\u00e4ra modellen; v\u00e5r st\u00f6rsta necess\u00e4r. Unik stil med volanger och med en insida i strukturerat tyg. Alla modeller i denna kollektion [&hellip;]<\/p>\n","protected":false},"featured_media":2016,"template":"","meta":{"_acf_changed":false},"product_brand":[],"product_cat":[48],"product_tag":[],"class_list":{"0":"post-2037","1":"product","2":"type-product","3":"status-publish","4":"has-post-thumbnail","6":"product_cat-trousse-de-toilette","8":"first","9":"instock","10":"taxable","11":"shipping-taxable","12":"purchasable","13":"product-type-simple"},"acf":[],"jetpack_sharing_enabled":true,"_links":{"self":[{"href":"https:\/\/lescocosensuede.com\/sv\/wp-json\/wp\/v2\/product\/2037","targetHints":{"allow":["GET"]}}],"collection":[{"href":"https:\/\/lescocosensuede.com\/sv\/wp-json\/wp\/v2\/product"}],"about":[{"href":"https:\/\/lescocosensuede.com\/sv\/wp-json\/wp\/v2\/types\/product"}],"wp:featuredmedia":[{"embeddable":true,"href":"https:\/\/lescocosensuede.com\/sv\/wp-json\/wp\/v2\/media\/2016"}],"wp:attachment":[{"href":"https:\/\/lescocosensuede.com\/sv\/wp-json\/wp\/v2\/media?parent=2037"}],"wp:term":[{"taxonomy":"product_brand","embeddable":true,"href":"https:\/\/lescocosensuede.com\/sv\/wp-json\/wp\/v2\/product_brand?post=2037"},{"taxonomy":"product_cat","embeddable":true,"href":"https:\/\/lescocosensuede.com\/sv\/wp-json\/wp\/v2\/product_cat?post=2037"},{"taxonomy":"product_tag","embeddable":true,"href":"https:\/\/lescocosensuede.com\/sv\/wp-json\/wp\/v2\/product_tag?post=2037"}],"curies":[{"name":"wp","href":"https:\/\/api.w.org\/{rel}","templated":true}]}}