{"id":1998,"date":"2025-03-23T20:15:56","date_gmt":"2025-03-23T19:15:56","guid":{"rendered":"https:\/\/lescocosensuede.com\/?post_type=product&#038;p=1998"},"modified":"2025-10-08T09:49:02","modified_gmt":"2025-10-08T07:49:02","slug":"trousse-de-toilette-m","status":"publish","type":"product","link":"https:\/\/lescocosensuede.com\/sv\/produit\/trousse-de-toilette-m\/","title":{"rendered":"Necess\u00e4r M"},"content":{"rendered":"<p>En m\u00e4ngd olika former, texturer och designer f\u00f6r v\u00e5ra necess\u00e4rer som f\u00f6ljer dig i din vardag, s\u00e5v\u00e4l som i hemmet som p\u00e5 resa. Samtliga modeller \u00e4r handsydda, eleganta och slitstarka.<\/p>\n<p><span style=\"font-weight: 400\">Medelstor rektangul\u00e4r modell. Sydd med\u00a0<\/span>ett texturerat upcycled tyg i vintagestil och med ett tjockt blommigt foder. Slitstark, enkel och praktisk, f\u00f6r vardagligt bruk.<\/p>\n<p>Alla modeller i denna kollektion \u00e4r unika och sydda med k\u00e4rlek.<\/p>\n<p>&nbsp;<\/p>\n<p>Sammans\u00e4ttning: Upcycled- v\u00e4v och bomullstyg.<br \/>\nStorlek: Cirka 20cm x 15 cm x 8 cm.<br \/>\nSk\u00f6tsel: Alla tyger tv\u00e4ttas noggrant f\u00f6re s\u00f6mnad och \u00e4r d\u00e4rf\u00f6r redo att anv\u00e4ndas direkt. Vi rekommenderar handtv\u00e4tt eller maskintv\u00e4tt vid l\u00e5g temperatur (max 40\u00b0C) och lufttorkning.<\/p>\n<p>&nbsp;<\/p>\n","protected":false},"excerpt":{"rendered":"<p>En m\u00e4ngd olika former, texturer och designer f\u00f6r v\u00e5ra necess\u00e4rer som f\u00f6ljer dig i din vardag, s\u00e5v\u00e4l som i hemmet som p\u00e5 resa. Samtliga modeller \u00e4r handsydda, eleganta och slitstarka. Medelstor rektangul\u00e4r modell. Sydd med\u00a0ett texturerat upcycled tyg i vintagestil och med ett tjockt blommigt foder. Slitstark, enkel och praktisk, f\u00f6r vardagligt bruk. Alla modeller [&hellip;]<\/p>\n","protected":false},"featured_media":2487,"template":"","meta":{"_acf_changed":false},"product_brand":[],"product_cat":[59],"product_tag":[],"class_list":{"0":"post-1998","1":"product","2":"type-product","3":"status-publish","4":"has-post-thumbnail","6":"product_cat-upcycled","8":"first","9":"instock","10":"taxable","11":"shipping-taxable","12":"purchasable","13":"product-type-simple"},"acf":[],"jetpack_sharing_enabled":true,"_links":{"self":[{"href":"https:\/\/lescocosensuede.com\/sv\/wp-json\/wp\/v2\/product\/1998","targetHints":{"allow":["GET"]}}],"collection":[{"href":"https:\/\/lescocosensuede.com\/sv\/wp-json\/wp\/v2\/product"}],"about":[{"href":"https:\/\/lescocosensuede.com\/sv\/wp-json\/wp\/v2\/types\/product"}],"wp:featuredmedia":[{"embeddable":true,"href":"https:\/\/lescocosensuede.com\/sv\/wp-json\/wp\/v2\/media\/2487"}],"wp:attachment":[{"href":"https:\/\/lescocosensuede.com\/sv\/wp-json\/wp\/v2\/media?parent=1998"}],"wp:term":[{"taxonomy":"product_brand","embeddable":true,"href":"https:\/\/lescocosensuede.com\/sv\/wp-json\/wp\/v2\/product_brand?post=1998"},{"taxonomy":"product_cat","embeddable":true,"href":"https:\/\/lescocosensuede.com\/sv\/wp-json\/wp\/v2\/product_cat?post=1998"},{"taxonomy":"product_tag","embeddable":true,"href":"https:\/\/lescocosensuede.com\/sv\/wp-json\/wp\/v2\/product_tag?post=1998"}],"curies":[{"name":"wp","href":"https:\/\/api.w.org\/{rel}","templated":true}]}}