{"id":1958,"date":"2025-03-20T22:34:09","date_gmt":"2025-03-20T21:34:09","guid":{"rendered":"https:\/\/lescocosensuede.com\/?post_type=product&#038;p=1958"},"modified":"2025-12-11T20:21:22","modified_gmt":"2025-12-11T19:21:22","slug":"doudou-3","status":"publish","type":"product","link":"https:\/\/lescocosensuede.com\/sv\/produit\/doudou-3\/","title":{"rendered":"Snuttefilt"},"content":{"rendered":"<p><span style=\"font-weight: 400\">Denna unika och mycket mjuka snuttefilt blir den perfekta f\u00f6delsepresenten. Den lugnar de minsta och f\u00f6ljer dem i deras uppv\u00e4xt. Den kan enkelt smygas in mellan barnet och f\u00f6r\u00e4ldern och ta del i alla familjekramar.<\/span><\/p>\n<p><span style=\"font-weight: 400\">Alla modeller i denna kollektion \u00e4r unika och sydda med k\u00e4rlek.<\/span><\/p>\n<p>&nbsp;<\/p>\n<p><span style=\"font-weight: 400\">Sammans\u00e4ttning:\u00a0<\/span>Oeko-Tex muslin och Oeko-Tex faux lammull Sherpafleece.<\/p>\n<p><span style=\"font-weight: 400\">M\u00e5tt: cirka 42 x 31 cm.<\/span><\/p>\n<p><span style=\"font-weight: 400\">Sk\u00f6tsel: Alla tyger tv\u00e4ttas noggrant f\u00f6re s\u00f6mnad och \u00e4r d\u00e4rf\u00f6r redo att anv\u00e4ndas direkt. Vi rekommenderar handtv\u00e4tt eller maskintv\u00e4tt vid l\u00e5g temperatur (max 40\u00b0C) och lufttorkning.<\/span><\/p>\n","protected":false},"excerpt":{"rendered":"<p>Denna unika och mycket mjuka snuttefilt blir den perfekta f\u00f6delsepresenten. Den lugnar de minsta och f\u00f6ljer dem i deras uppv\u00e4xt. Den kan enkelt smygas in mellan barnet och f\u00f6r\u00e4ldern och ta del i alla familjekramar. Alla modeller i denna kollektion \u00e4r unika och sydda med k\u00e4rlek. &nbsp; Sammans\u00e4ttning:\u00a0Oeko-Tex muslin och Oeko-Tex faux lammull Sherpafleece. M\u00e5tt: [&hellip;]<\/p>\n","protected":false},"featured_media":1933,"template":"","meta":{"_acf_changed":false},"product_brand":[],"product_cat":[43],"product_tag":[],"class_list":{"0":"post-1958","1":"product","2":"type-product","3":"status-publish","4":"has-post-thumbnail","6":"product_cat-doudou","8":"first","9":"instock","10":"taxable","11":"shipping-taxable","12":"purchasable","13":"product-type-simple"},"acf":[],"jetpack_sharing_enabled":true,"_links":{"self":[{"href":"https:\/\/lescocosensuede.com\/sv\/wp-json\/wp\/v2\/product\/1958","targetHints":{"allow":["GET"]}}],"collection":[{"href":"https:\/\/lescocosensuede.com\/sv\/wp-json\/wp\/v2\/product"}],"about":[{"href":"https:\/\/lescocosensuede.com\/sv\/wp-json\/wp\/v2\/types\/product"}],"wp:featuredmedia":[{"embeddable":true,"href":"https:\/\/lescocosensuede.com\/sv\/wp-json\/wp\/v2\/media\/1933"}],"wp:attachment":[{"href":"https:\/\/lescocosensuede.com\/sv\/wp-json\/wp\/v2\/media?parent=1958"}],"wp:term":[{"taxonomy":"product_brand","embeddable":true,"href":"https:\/\/lescocosensuede.com\/sv\/wp-json\/wp\/v2\/product_brand?post=1958"},{"taxonomy":"product_cat","embeddable":true,"href":"https:\/\/lescocosensuede.com\/sv\/wp-json\/wp\/v2\/product_cat?post=1958"},{"taxonomy":"product_tag","embeddable":true,"href":"https:\/\/lescocosensuede.com\/sv\/wp-json\/wp\/v2\/product_tag?post=1958"}],"curies":[{"name":"wp","href":"https:\/\/api.w.org\/{rel}","templated":true}]}}