{"id":1817,"date":"2025-03-04T08:04:36","date_gmt":"2025-03-04T07:04:36","guid":{"rendered":"https:\/\/lescocosensuede.com\/?post_type=product&#038;p=1817"},"modified":"2025-03-04T08:06:41","modified_gmt":"2025-03-04T07:06:41","slug":"couette-lapin-2-3","status":"publish","type":"product","link":"https:\/\/lescocosensuede.com\/sv\/produit\/couette-lapin-2-3\/","title":{"rendered":"H\u00e5rsnodd Kanin (2)"},"content":{"rendered":"<p>Dessa unika sm\u00e5 h\u00e5rsnoddar tilltalar b\u00e5de barn och vuxna. Tyget som bildar kanin\u00f6ronen knyts runt snodden och sitter inte fast. Du kan d\u00e4rf\u00f6r byta ut snodden n\u00e4r det passar dig. Vi har valt en praktisk och rej\u00e4l snodd som \u00e4r skonsam mot h\u00e5ret.<\/p>\n<p>Tips: Den h\u00e4r artikeln \u00e4r en mycket uppskattad liten present den allra \u00e4ldsta s\u00e5som den allra yngsta\u2026<\/p>\n<p>Alla produkter i denna kollektion \u00e4r unika och sydda med k\u00e4rlek.<\/p>\n<p>&nbsp;<\/p>\n<p>Sammans\u00e4ttning: Bomullstyg.<\/p>\n<p>M\u00e5tt: \u00d6ronen m\u00e4ter ca 5 cm och snodden har en diameter p\u00e5 4 cm.<\/p>\n<p>Sk\u00f6tsel: Alla tyger tv\u00e4ttas noggrant f\u00f6re s\u00f6mnad och \u00e4r d\u00e4rf\u00f6r redo att anv\u00e4ndas direkt.<\/p>\n","protected":false},"excerpt":{"rendered":"<p>Dessa unika sm\u00e5 h\u00e5rsnoddar tilltalar b\u00e5de barn och vuxna. Tyget som bildar kanin\u00f6ronen knyts runt snodden och sitter inte fast. Du kan d\u00e4rf\u00f6r byta ut snodden n\u00e4r det passar dig. Vi har valt en praktisk och rej\u00e4l snodd som \u00e4r skonsam mot h\u00e5ret. Tips: Den h\u00e4r artikeln \u00e4r en mycket uppskattad liten present den allra [&hellip;]<\/p>\n","protected":false},"featured_media":1818,"template":"","meta":{"_acf_changed":false},"product_brand":[],"product_cat":[35],"product_tag":[],"class_list":{"0":"post-1817","1":"product","2":"type-product","3":"status-publish","4":"has-post-thumbnail","6":"product_cat-sur-la-tete","8":"first","9":"instock","10":"sold-individually","11":"taxable","12":"shipping-taxable","13":"purchasable","14":"product-type-simple"},"acf":[],"jetpack_sharing_enabled":true,"_links":{"self":[{"href":"https:\/\/lescocosensuede.com\/sv\/wp-json\/wp\/v2\/product\/1817","targetHints":{"allow":["GET"]}}],"collection":[{"href":"https:\/\/lescocosensuede.com\/sv\/wp-json\/wp\/v2\/product"}],"about":[{"href":"https:\/\/lescocosensuede.com\/sv\/wp-json\/wp\/v2\/types\/product"}],"wp:featuredmedia":[{"embeddable":true,"href":"https:\/\/lescocosensuede.com\/sv\/wp-json\/wp\/v2\/media\/1818"}],"wp:attachment":[{"href":"https:\/\/lescocosensuede.com\/sv\/wp-json\/wp\/v2\/media?parent=1817"}],"wp:term":[{"taxonomy":"product_brand","embeddable":true,"href":"https:\/\/lescocosensuede.com\/sv\/wp-json\/wp\/v2\/product_brand?post=1817"},{"taxonomy":"product_cat","embeddable":true,"href":"https:\/\/lescocosensuede.com\/sv\/wp-json\/wp\/v2\/product_cat?post=1817"},{"taxonomy":"product_tag","embeddable":true,"href":"https:\/\/lescocosensuede.com\/sv\/wp-json\/wp\/v2\/product_tag?post=1817"}],"curies":[{"name":"wp","href":"https:\/\/api.w.org\/{rel}","templated":true}]}}