{"id":1809,"date":"2025-03-04T07:15:18","date_gmt":"2025-03-04T06:15:18","guid":{"rendered":"https:\/\/lescocosensuede.com\/?post_type=product&#038;p=1809"},"modified":"2025-03-23T04:52:41","modified_gmt":"2025-03-23T03:52:41","slug":"couette-noeud-papillon-2","status":"publish","type":"product","link":"https:\/\/lescocosensuede.com\/sv\/produit\/couette-noeud-papillon-2\/","title":{"rendered":"H\u00e5rband fluga"},"content":{"rendered":"<p><span style=\"font-weight: 400\">Fint litet h\u00e5rband i bomullsmuslin. Klassisk form som<\/span> tilltalar b\u00e5de barn och vuxna.<\/p>\n<p>Vi har valt en praktisk och rej\u00e4l snodd som \u00e4r skonsam mot h\u00e5ret.<\/p>\n<p>Tips: Den h\u00e4r artikeln \u00e4r en mycket uppskattad liten present den allra \u00e4ldsta s\u00e5som den allra yngsta\u2026<\/p>\n<p>Alla produkter i denna kollektion \u00e4r unika och sydda med k\u00e4rlek.<\/p>\n<p>&nbsp;<\/p>\n<p>Sammans\u00e4ttning: Bomullstyg.<\/p>\n<p>M\u00e5tt: <span style=\"font-weight: 400\">H\u00e5rbandet \u00e4r 11 cm l\u00e5ngt<\/span>\u00a0och snodden har en diameter p\u00e5 4 cm.<\/p>\n<p>Sk\u00f6tsel: Alla tyger tv\u00e4ttas noggrant f\u00f6re s\u00f6mnad och \u00e4r d\u00e4rf\u00f6r redo att anv\u00e4ndas direkt.<\/p>\n","protected":false},"excerpt":{"rendered":"<p>Fint litet h\u00e5rband i bomullsmuslin. Klassisk form som tilltalar b\u00e5de barn och vuxna. Vi har valt en praktisk och rej\u00e4l snodd som \u00e4r skonsam mot h\u00e5ret. Tips: Den h\u00e4r artikeln \u00e4r en mycket uppskattad liten present den allra \u00e4ldsta s\u00e5som den allra yngsta\u2026 Alla produkter i denna kollektion \u00e4r unika och sydda med k\u00e4rlek. &nbsp; [&hellip;]<\/p>\n","protected":false},"featured_media":1798,"template":"","meta":{"_acf_changed":false},"product_brand":[],"product_cat":[35],"product_tag":[],"class_list":{"0":"post-1809","1":"product","2":"type-product","3":"status-publish","4":"has-post-thumbnail","6":"product_cat-sur-la-tete","8":"first","9":"instock","10":"sold-individually","11":"taxable","12":"shipping-taxable","13":"purchasable","14":"product-type-simple"},"acf":[],"jetpack_sharing_enabled":true,"_links":{"self":[{"href":"https:\/\/lescocosensuede.com\/sv\/wp-json\/wp\/v2\/product\/1809","targetHints":{"allow":["GET"]}}],"collection":[{"href":"https:\/\/lescocosensuede.com\/sv\/wp-json\/wp\/v2\/product"}],"about":[{"href":"https:\/\/lescocosensuede.com\/sv\/wp-json\/wp\/v2\/types\/product"}],"wp:featuredmedia":[{"embeddable":true,"href":"https:\/\/lescocosensuede.com\/sv\/wp-json\/wp\/v2\/media\/1798"}],"wp:attachment":[{"href":"https:\/\/lescocosensuede.com\/sv\/wp-json\/wp\/v2\/media?parent=1809"}],"wp:term":[{"taxonomy":"product_brand","embeddable":true,"href":"https:\/\/lescocosensuede.com\/sv\/wp-json\/wp\/v2\/product_brand?post=1809"},{"taxonomy":"product_cat","embeddable":true,"href":"https:\/\/lescocosensuede.com\/sv\/wp-json\/wp\/v2\/product_cat?post=1809"},{"taxonomy":"product_tag","embeddable":true,"href":"https:\/\/lescocosensuede.com\/sv\/wp-json\/wp\/v2\/product_tag?post=1809"}],"curies":[{"name":"wp","href":"https:\/\/api.w.org\/{rel}","templated":true}]}}