{"id":1726,"date":"2025-03-02T20:35:47","date_gmt":"2025-03-02T19:35:47","guid":{"rendered":"https:\/\/lescocosensuede.com\/?post_type=product&#038;p=1726"},"modified":"2025-03-02T20:56:18","modified_gmt":"2025-03-02T19:56:18","slug":"sac-lune-4","status":"publish","type":"product","link":"https:\/\/lescocosensuede.com\/sv\/produit\/sac-lune-4\/","title":{"rendered":"M\u00e5nv\u00e4ska"},"content":{"rendered":"<p><span style=\"font-weight: 400;\">Halvm\u00e5neformad v\u00e4ska att b\u00e4ra under armen, f\u00f6r att b\u00e4ra dina viktigaste vardagsartiklar. Praktiskt, diskret och stilren.<\/span><\/p>\n<p>Alla modeller i denna kollektion \u00e4r unika och sydda med k\u00e4rlek.<\/p>\n<p>&nbsp;<\/p>\n<p>Sammans\u00e4ttning: Oeko-Tex faux ull och bomullsfoder. Handtag i bomull. Syntetisk stoppning.<\/p>\n<p>Storlek: Cirka 28cm x 14cm x 7cm.<\/p>\n<p>Sk\u00f6tsel: Alla tyger tv\u00e4ttas noggrant f\u00f6re s\u00f6mnad och \u00e4r d\u00e4rf\u00f6r redo att anv\u00e4ndas direkt. Vi rekommenderar handtv\u00e4tt eller maskintv\u00e4tt vid l\u00e5g temperatur (max 40\u00b0C) och lufttorkning.<\/p>\n","protected":false},"excerpt":{"rendered":"<p>Halvm\u00e5neformad v\u00e4ska att b\u00e4ra under armen, f\u00f6r att b\u00e4ra dina viktigaste vardagsartiklar. Praktiskt, diskret och stilren. Alla modeller i denna kollektion \u00e4r unika och sydda med k\u00e4rlek. &nbsp; Sammans\u00e4ttning: Oeko-Tex faux ull och bomullsfoder. Handtag i bomull. Syntetisk stoppning. Storlek: Cirka 28cm x 14cm x 7cm. Sk\u00f6tsel: Alla tyger tv\u00e4ttas noggrant f\u00f6re s\u00f6mnad och \u00e4r [&hellip;]<\/p>\n","protected":false},"featured_media":1729,"template":"","meta":{"_acf_changed":false},"product_brand":[],"product_cat":[47],"product_tag":[],"class_list":{"0":"post-1726","1":"product","2":"type-product","3":"status-publish","4":"has-post-thumbnail","6":"product_cat-sac","8":"first","9":"instock","10":"taxable","11":"shipping-taxable","12":"purchasable","13":"product-type-simple"},"acf":[],"jetpack_sharing_enabled":true,"_links":{"self":[{"href":"https:\/\/lescocosensuede.com\/sv\/wp-json\/wp\/v2\/product\/1726","targetHints":{"allow":["GET"]}}],"collection":[{"href":"https:\/\/lescocosensuede.com\/sv\/wp-json\/wp\/v2\/product"}],"about":[{"href":"https:\/\/lescocosensuede.com\/sv\/wp-json\/wp\/v2\/types\/product"}],"wp:featuredmedia":[{"embeddable":true,"href":"https:\/\/lescocosensuede.com\/sv\/wp-json\/wp\/v2\/media\/1729"}],"wp:attachment":[{"href":"https:\/\/lescocosensuede.com\/sv\/wp-json\/wp\/v2\/media?parent=1726"}],"wp:term":[{"taxonomy":"product_brand","embeddable":true,"href":"https:\/\/lescocosensuede.com\/sv\/wp-json\/wp\/v2\/product_brand?post=1726"},{"taxonomy":"product_cat","embeddable":true,"href":"https:\/\/lescocosensuede.com\/sv\/wp-json\/wp\/v2\/product_cat?post=1726"},{"taxonomy":"product_tag","embeddable":true,"href":"https:\/\/lescocosensuede.com\/sv\/wp-json\/wp\/v2\/product_tag?post=1726"}],"curies":[{"name":"wp","href":"https:\/\/api.w.org\/{rel}","templated":true}]}}