{"id":1714,"date":"2025-03-02T19:58:59","date_gmt":"2025-03-02T18:58:59","guid":{"rendered":"https:\/\/lescocosensuede.com\/?post_type=product&#038;p=1714"},"modified":"2025-03-02T21:09:42","modified_gmt":"2025-03-02T20:09:42","slug":"banane-6","status":"publish","type":"product","link":"https:\/\/lescocosensuede.com\/sv\/produit\/banane-6\/","title":{"rendered":"Midjev\u00e4ska"},"content":{"rendered":"<p><span style=\"font-weight: 400;\">En midjev\u00e4ska i vintagestil, med en modern tolkning f\u00f6r en stilren look. <\/span><\/p>\n<p>Mycket mjuk petitam\u00f6nstrat faux ulltyg, med bomullsfodring.<\/p>\n<p>Alla modeller i denna kollektion \u00e4r unika och sydda med k\u00e4rlek.<\/p>\n<p>&nbsp;<\/p>\n<p>Sammans\u00e4ttning: <span style=\"font-weight: 400;\">Oeko-Tex faux ulltyg <\/span><span style=\"font-weight: 400;\">och bomullsfoder.<\/span><\/p>\n<p>Storlek: Cirka 34 x 17 cm<\/p>\n<p>Sk\u00f6tsel: Alla tyger tv\u00e4ttas noggrant f\u00f6re s\u00f6mnad och \u00e4r d\u00e4rf\u00f6r redo att anv\u00e4ndas direkt. Vi rekommenderar handtv\u00e4tt eller maskintv\u00e4tt vid l\u00e5g temperatur (max 40\u00b0C) och lufttorkning.<\/p>\n","protected":false},"excerpt":{"rendered":"<p>En midjev\u00e4ska i vintagestil, med en modern tolkning f\u00f6r en stilren look. Mycket mjuk petitam\u00f6nstrat faux ulltyg, med bomullsfodring. Alla modeller i denna kollektion \u00e4r unika och sydda med k\u00e4rlek. &nbsp; Sammans\u00e4ttning: Oeko-Tex faux ulltyg och bomullsfoder. Storlek: Cirka 34 x 17 cm Sk\u00f6tsel: Alla tyger tv\u00e4ttas noggrant f\u00f6re s\u00f6mnad och \u00e4r d\u00e4rf\u00f6r redo att [&hellip;]<\/p>\n","protected":false},"featured_media":1709,"template":"","meta":{"_acf_changed":false},"product_brand":[],"product_cat":[47],"product_tag":[],"class_list":{"0":"post-1714","1":"product","2":"type-product","3":"status-publish","4":"has-post-thumbnail","6":"product_cat-sac","8":"first","9":"instock","10":"taxable","11":"shipping-taxable","12":"purchasable","13":"product-type-simple"},"acf":[],"jetpack_sharing_enabled":true,"_links":{"self":[{"href":"https:\/\/lescocosensuede.com\/sv\/wp-json\/wp\/v2\/product\/1714","targetHints":{"allow":["GET"]}}],"collection":[{"href":"https:\/\/lescocosensuede.com\/sv\/wp-json\/wp\/v2\/product"}],"about":[{"href":"https:\/\/lescocosensuede.com\/sv\/wp-json\/wp\/v2\/types\/product"}],"wp:featuredmedia":[{"embeddable":true,"href":"https:\/\/lescocosensuede.com\/sv\/wp-json\/wp\/v2\/media\/1709"}],"wp:attachment":[{"href":"https:\/\/lescocosensuede.com\/sv\/wp-json\/wp\/v2\/media?parent=1714"}],"wp:term":[{"taxonomy":"product_brand","embeddable":true,"href":"https:\/\/lescocosensuede.com\/sv\/wp-json\/wp\/v2\/product_brand?post=1714"},{"taxonomy":"product_cat","embeddable":true,"href":"https:\/\/lescocosensuede.com\/sv\/wp-json\/wp\/v2\/product_cat?post=1714"},{"taxonomy":"product_tag","embeddable":true,"href":"https:\/\/lescocosensuede.com\/sv\/wp-json\/wp\/v2\/product_tag?post=1714"}],"curies":[{"name":"wp","href":"https:\/\/api.w.org\/{rel}","templated":true}]}}