{"id":1357,"date":"2024-08-26T13:18:36","date_gmt":"2024-08-26T11:18:36","guid":{"rendered":"https:\/\/lescocosensuede.com\/?post_type=product&#038;p=1357"},"modified":"2025-12-11T21:13:34","modified_gmt":"2025-12-11T20:13:34","slug":"banane-enfant","status":"publish","type":"product","link":"https:\/\/lescocosensuede.com\/sv\/produit\/banane-enfant\/","title":{"rendered":"Midjev\u00e4ska Barn"},"content":{"rendered":"<p><span style=\"font-weight: 400\">En midjev\u00e4ska i vintagestil, med en modern tolkning f\u00f6r en stilren look. Sydd med kraftigt och resistant bomullsmanchester. Notera det quiltade fodertyget i blomm\u00f6nster.<\/span><\/p>\n<p>Alla modeller i denna kollektion \u00e4r unika och sydda med k\u00e4rlek.<\/p>\n<p><span style=\"font-weight: 400\">OBS : Banden \u00e4r anpassade f\u00f6r barn, men tveka inte att kontakta oss om du \u00f6nskar en midjev\u00e4ska f\u00f6r ton\u00e5ringar eller vuxna, vi kan skr\u00e4ddarsy till \u00f6nskat m\u00e5tt.<\/span><\/p>\n<p>&nbsp;<\/p>\n<p>Sammans\u00e4ttning: 100 % Oeko-Tex bomull. Handtag i bomull.<br \/>\nStorlek: Cirka 30 x 12 cm<br \/>\nSk\u00f6tsel: Alla tyger tv\u00e4ttas noggrant f\u00f6re s\u00f6mnad och \u00e4r d\u00e4rf\u00f6r redo att anv\u00e4ndas direkt. Vi rekommenderar handtv\u00e4tt eller maskintv\u00e4tt vid l\u00e5g temperatur (max 40\u00b0C) och lufttorkning.<\/p>\n","protected":false},"excerpt":{"rendered":"<p>En midjev\u00e4ska i vintagestil, med en modern tolkning f\u00f6r en stilren look. Sydd med kraftigt och resistant bomullsmanchester. Notera det quiltade fodertyget i blomm\u00f6nster. Alla modeller i denna kollektion \u00e4r unika och sydda med k\u00e4rlek. OBS : Banden \u00e4r anpassade f\u00f6r barn, men tveka inte att kontakta oss om du \u00f6nskar en midjev\u00e4ska f\u00f6r ton\u00e5ringar [&hellip;]<\/p>\n","protected":false},"featured_media":1358,"template":"","meta":{"_acf_changed":false},"product_brand":[],"product_cat":[54],"product_tag":[],"class_list":{"0":"post-1357","1":"product","2":"type-product","3":"status-publish","4":"has-post-thumbnail","6":"product_cat-banane","8":"first","9":"outofstock","10":"taxable","11":"shipping-taxable","12":"purchasable","13":"product-type-simple"},"acf":[],"jetpack_sharing_enabled":true,"_links":{"self":[{"href":"https:\/\/lescocosensuede.com\/sv\/wp-json\/wp\/v2\/product\/1357","targetHints":{"allow":["GET"]}}],"collection":[{"href":"https:\/\/lescocosensuede.com\/sv\/wp-json\/wp\/v2\/product"}],"about":[{"href":"https:\/\/lescocosensuede.com\/sv\/wp-json\/wp\/v2\/types\/product"}],"wp:featuredmedia":[{"embeddable":true,"href":"https:\/\/lescocosensuede.com\/sv\/wp-json\/wp\/v2\/media\/1358"}],"wp:attachment":[{"href":"https:\/\/lescocosensuede.com\/sv\/wp-json\/wp\/v2\/media?parent=1357"}],"wp:term":[{"taxonomy":"product_brand","embeddable":true,"href":"https:\/\/lescocosensuede.com\/sv\/wp-json\/wp\/v2\/product_brand?post=1357"},{"taxonomy":"product_cat","embeddable":true,"href":"https:\/\/lescocosensuede.com\/sv\/wp-json\/wp\/v2\/product_cat?post=1357"},{"taxonomy":"product_tag","embeddable":true,"href":"https:\/\/lescocosensuede.com\/sv\/wp-json\/wp\/v2\/product_tag?post=1357"}],"curies":[{"name":"wp","href":"https:\/\/api.w.org\/{rel}","templated":true}]}}