{"id":1268,"date":"2024-08-21T14:33:34","date_gmt":"2024-08-21T12:33:34","guid":{"rendered":"https:\/\/lescocosensuede.com\/?post_type=product&#038;p=1268"},"modified":"2024-08-21T14:35:56","modified_gmt":"2024-08-21T12:35:56","slug":"petit-pochon-2","status":"publish","type":"product","link":"https:\/\/lescocosensuede.com\/sv\/produit\/petit-pochon-2\/","title":{"rendered":"Liten p\u00e5se"},"content":{"rendered":"<p><span style=\"font-weight: 400\">Liten p\u00e5se sydd i vattenavvisande material, perfekt f\u00f6r tv\u00e5l eller andra k\u00e4nsliga eller intima artiklar (t.ex. menskopp)<\/span><\/p>\n<p><span style=\"font-weight: 400\">Alla modeller i denna kollektion \u00e4r unika och sydda med k\u00e4rlek.<\/span><\/p>\n<p>&nbsp;<\/p>\n<p><span style=\"font-weight: 400\">Sammans\u00e4ttning: Vattenavvisande tyg och fodring i Oeko-Tex bomull. Sn\u00f6re och b\u00e5rd i bomull.<\/span><\/p>\n<p><span style=\"font-weight: 400\">Storlek: Cirka 15 x 15 cm<\/span><\/p>\n<p><span style=\"font-weight: 400\">Sk\u00f6tsel: Alla tyger tv\u00e4ttas noggrant f\u00f6re s\u00f6mnad och \u00e4r d\u00e4rf\u00f6r redo att anv\u00e4ndas direkt. Vi rekommenderar handtv\u00e4tt eller maskintv\u00e4tt vid l\u00e5g temperatur (max 40\u00b0C) och lufttorkning.<\/span><\/p>\n","protected":false},"excerpt":{"rendered":"<p>Liten p\u00e5se sydd i vattenavvisande material, perfekt f\u00f6r tv\u00e5l eller andra k\u00e4nsliga eller intima artiklar (t.ex. menskopp) Alla modeller i denna kollektion \u00e4r unika och sydda med k\u00e4rlek. &nbsp; Sammans\u00e4ttning: Vattenavvisande tyg och fodring i Oeko-Tex bomull. Sn\u00f6re och b\u00e5rd i bomull. Storlek: Cirka 15 x 15 cm Sk\u00f6tsel: Alla tyger tv\u00e4ttas noggrant f\u00f6re s\u00f6mnad [&hellip;]<\/p>\n","protected":false},"featured_media":1269,"template":"","meta":{"_acf_changed":false},"product_brand":[],"product_cat":[53],"product_tag":[],"class_list":{"0":"post-1268","1":"product","2":"type-product","3":"status-publish","4":"has-post-thumbnail","6":"product_cat-pochon","8":"first","9":"instock","10":"taxable","11":"shipping-taxable","12":"purchasable","13":"product-type-simple"},"acf":[],"jetpack_sharing_enabled":true,"_links":{"self":[{"href":"https:\/\/lescocosensuede.com\/sv\/wp-json\/wp\/v2\/product\/1268","targetHints":{"allow":["GET"]}}],"collection":[{"href":"https:\/\/lescocosensuede.com\/sv\/wp-json\/wp\/v2\/product"}],"about":[{"href":"https:\/\/lescocosensuede.com\/sv\/wp-json\/wp\/v2\/types\/product"}],"wp:featuredmedia":[{"embeddable":true,"href":"https:\/\/lescocosensuede.com\/sv\/wp-json\/wp\/v2\/media\/1269"}],"wp:attachment":[{"href":"https:\/\/lescocosensuede.com\/sv\/wp-json\/wp\/v2\/media?parent=1268"}],"wp:term":[{"taxonomy":"product_brand","embeddable":true,"href":"https:\/\/lescocosensuede.com\/sv\/wp-json\/wp\/v2\/product_brand?post=1268"},{"taxonomy":"product_cat","embeddable":true,"href":"https:\/\/lescocosensuede.com\/sv\/wp-json\/wp\/v2\/product_cat?post=1268"},{"taxonomy":"product_tag","embeddable":true,"href":"https:\/\/lescocosensuede.com\/sv\/wp-json\/wp\/v2\/product_tag?post=1268"}],"curies":[{"name":"wp","href":"https:\/\/api.w.org\/{rel}","templated":true}]}}