{"id":1256,"date":"2024-08-20T20:27:19","date_gmt":"2024-08-20T18:27:19","guid":{"rendered":"https:\/\/lescocosensuede.com\/?post_type=product&#038;p=1256"},"modified":"2025-12-10T14:26:39","modified_gmt":"2025-12-10T13:26:39","slug":"grand-pochon","status":"publish","type":"product","link":"https:\/\/lescocosensuede.com\/sv\/produit\/grand-pochon\/","title":{"rendered":"Stor p\u00e5se"},"content":{"rendered":"<p><span style=\"font-weight: 400\">P\u00e5se sydd med ett vattenavvisande yttre, perfekt f\u00f6r att transportera bl\u00f6ta kl\u00e4der s\u00e5som simdr\u00e4kter och sportunderkl\u00e4der.<\/span><\/p>\n<p><span style=\"font-weight: 400\">Alla modeller i denna kollektion \u00e4r unika och sydda med k\u00e4rlek.<\/span><\/p>\n<p>&nbsp;<\/p>\n<p><span style=\"font-weight: 400\">Sammans\u00e4ttning: Vattenavvisande tyg och fodring i impregnerad Oeko-Tex bomull. Sn\u00f6re och b\u00e5rd i bomull.<\/span><\/p>\n<p><span style=\"font-weight: 400\">Storlek: Cirka 25 x 30 cm<\/span><\/p>\n<p><span style=\"font-weight: 400\">Sk\u00f6tsel: Alla tyger tv\u00e4ttas noggrant f\u00f6re s\u00f6mnad och \u00e4r d\u00e4rf\u00f6r redo att anv\u00e4ndas direkt. Vi rekommenderar handtv\u00e4tt eller maskintv\u00e4tt vid l\u00e5g temperatur (max 40\u00b0C) och lufttorkning.<\/span><\/p>\n","protected":false},"excerpt":{"rendered":"<p>P\u00e5se sydd med ett vattenavvisande yttre, perfekt f\u00f6r att transportera bl\u00f6ta kl\u00e4der s\u00e5som simdr\u00e4kter och sportunderkl\u00e4der. Alla modeller i denna kollektion \u00e4r unika och sydda med k\u00e4rlek. &nbsp; Sammans\u00e4ttning: Vattenavvisande tyg och fodring i impregnerad Oeko-Tex bomull. Sn\u00f6re och b\u00e5rd i bomull. Storlek: Cirka 25 x 30 cm Sk\u00f6tsel: Alla tyger tv\u00e4ttas noggrant f\u00f6re s\u00f6mnad [&hellip;]<\/p>\n","protected":false},"featured_media":1258,"template":"","meta":{"_acf_changed":false},"product_brand":[],"product_cat":[53],"product_tag":[],"class_list":{"0":"post-1256","1":"product","2":"type-product","3":"status-publish","4":"has-post-thumbnail","6":"product_cat-pochon","8":"first","9":"outofstock","10":"taxable","11":"shipping-taxable","12":"purchasable","13":"product-type-simple"},"acf":[],"jetpack_sharing_enabled":true,"_links":{"self":[{"href":"https:\/\/lescocosensuede.com\/sv\/wp-json\/wp\/v2\/product\/1256","targetHints":{"allow":["GET"]}}],"collection":[{"href":"https:\/\/lescocosensuede.com\/sv\/wp-json\/wp\/v2\/product"}],"about":[{"href":"https:\/\/lescocosensuede.com\/sv\/wp-json\/wp\/v2\/types\/product"}],"wp:featuredmedia":[{"embeddable":true,"href":"https:\/\/lescocosensuede.com\/sv\/wp-json\/wp\/v2\/media\/1258"}],"wp:attachment":[{"href":"https:\/\/lescocosensuede.com\/sv\/wp-json\/wp\/v2\/media?parent=1256"}],"wp:term":[{"taxonomy":"product_brand","embeddable":true,"href":"https:\/\/lescocosensuede.com\/sv\/wp-json\/wp\/v2\/product_brand?post=1256"},{"taxonomy":"product_cat","embeddable":true,"href":"https:\/\/lescocosensuede.com\/sv\/wp-json\/wp\/v2\/product_cat?post=1256"},{"taxonomy":"product_tag","embeddable":true,"href":"https:\/\/lescocosensuede.com\/sv\/wp-json\/wp\/v2\/product_tag?post=1256"}],"curies":[{"name":"wp","href":"https:\/\/api.w.org\/{rel}","templated":true}]}}