{"id":1243,"date":"2024-08-20T14:54:02","date_gmt":"2024-08-20T12:54:02","guid":{"rendered":"https:\/\/lescocosensuede.com\/?post_type=product&#038;p=1243"},"modified":"2025-12-11T18:06:40","modified_gmt":"2025-12-11T17:06:40","slug":"pochette-liseuse-7-2","status":"publish","type":"product","link":"https:\/\/lescocosensuede.com\/sv\/produit\/pochette-liseuse-7-2\/","title":{"rendered":"Fodral till l\u00e4splatta 7 tum"},"content":{"rendered":"<p><span style=\"font-weight: 400\">Transportera din l\u00e4splatta i detta snygga och skyddande fodral. Kommer i tv\u00e5 storlekar, kompatibla med de flesta 6- och 7-tumsl\u00e4splattor.<\/span><\/p>\n<p><span style=\"font-weight: 400\">Viktigt: m\u00e4t din l\u00e4splatta och verifiera att storleken passar.<\/span><\/p>\n<p>&nbsp;<\/p>\n<p><span style=\"font-weight: 400\">Sammans\u00e4ttning: Yttertyg i polyester och foder i Oeko-Tex bomull. Syntetisk stoppning.<\/span><\/p>\n<p><span style=\"font-weight: 400\">M\u00e5tt: 16 cm x 20 cm.<\/span><\/p>\n<p><span style=\"font-weight: 400\">Underh\u00e5ll: Redo att anv\u00e4ndas direkt. Tv\u00e4ttas och torktumlas med resten av din tv\u00e4tt (40\u00b0C).<\/span><\/p>\n<p>&nbsp;<\/p>\n","protected":false},"excerpt":{"rendered":"<p>Transportera din l\u00e4splatta i detta snygga och skyddande fodral. Kommer i tv\u00e5 storlekar, kompatibla med de flesta 6- och 7-tumsl\u00e4splattor. Viktigt: m\u00e4t din l\u00e4splatta och verifiera att storleken passar. &nbsp; Sammans\u00e4ttning: Yttertyg i polyester och foder i Oeko-Tex bomull. Syntetisk stoppning. M\u00e5tt: 16 cm x 20 cm. Underh\u00e5ll: Redo att anv\u00e4ndas direkt. Tv\u00e4ttas och torktumlas [&hellip;]<\/p>\n","protected":false},"featured_media":1244,"template":"","meta":{"_acf_changed":false},"product_brand":[],"product_cat":[50],"product_tag":[],"class_list":{"0":"post-1243","1":"product","2":"type-product","3":"status-publish","4":"has-post-thumbnail","6":"product_cat-pochette-liseuse","8":"first","9":"instock","10":"taxable","11":"shipping-taxable","12":"purchasable","13":"product-type-simple"},"acf":[],"jetpack_sharing_enabled":true,"_links":{"self":[{"href":"https:\/\/lescocosensuede.com\/sv\/wp-json\/wp\/v2\/product\/1243","targetHints":{"allow":["GET"]}}],"collection":[{"href":"https:\/\/lescocosensuede.com\/sv\/wp-json\/wp\/v2\/product"}],"about":[{"href":"https:\/\/lescocosensuede.com\/sv\/wp-json\/wp\/v2\/types\/product"}],"wp:featuredmedia":[{"embeddable":true,"href":"https:\/\/lescocosensuede.com\/sv\/wp-json\/wp\/v2\/media\/1244"}],"wp:attachment":[{"href":"https:\/\/lescocosensuede.com\/sv\/wp-json\/wp\/v2\/media?parent=1243"}],"wp:term":[{"taxonomy":"product_brand","embeddable":true,"href":"https:\/\/lescocosensuede.com\/sv\/wp-json\/wp\/v2\/product_brand?post=1243"},{"taxonomy":"product_cat","embeddable":true,"href":"https:\/\/lescocosensuede.com\/sv\/wp-json\/wp\/v2\/product_cat?post=1243"},{"taxonomy":"product_tag","embeddable":true,"href":"https:\/\/lescocosensuede.com\/sv\/wp-json\/wp\/v2\/product_tag?post=1243"}],"curies":[{"name":"wp","href":"https:\/\/api.w.org\/{rel}","templated":true}]}}