{"id":1220,"date":"2024-08-20T11:19:57","date_gmt":"2024-08-20T09:19:57","guid":{"rendered":"https:\/\/lescocosensuede.com\/?post_type=product&#038;p=1220"},"modified":"2025-12-11T22:18:38","modified_gmt":"2025-12-11T21:18:38","slug":"porte-cartes","status":"publish","type":"product","link":"https:\/\/lescocosensuede.com\/sv\/produit\/porte-cartes\/","title":{"rendered":"Korth\u00e5llare"},"content":{"rendered":"<p><span style=\"font-weight: 400\">Liten korth\u00e5llare sydd i behandlad bomull, perfekt f\u00f6r att samla och skydda dina kort.<\/span><\/p>\n<p><span style=\"font-weight: 400\">Alla modeller i denna kollektion \u00e4r unika och sydda med k\u00e4rlek.<\/span><\/p>\n<p>&nbsp;<\/p>\n<p><span style=\"font-weight: 400\">Sammans\u00e4ttning: Behandlad Oeko-Tex bomull.<\/span><\/p>\n<p><span style=\"font-weight: 400\">Storlek: Cirka 6,5 cm x 11 cm<\/span><\/p>\n<p><span style=\"font-weight: 400\">Sk\u00f6tsel: Alla tyger tv\u00e4ttas noggrant f\u00f6re s\u00f6mnad och \u00e4r d\u00e4rf\u00f6r redo att anv\u00e4ndas direkt.\u00a0<\/span><\/p>\n","protected":false},"excerpt":{"rendered":"<p>Liten korth\u00e5llare sydd i behandlad bomull, perfekt f\u00f6r att samla och skydda dina kort. Alla modeller i denna kollektion \u00e4r unika och sydda med k\u00e4rlek. &nbsp; Sammans\u00e4ttning: Behandlad Oeko-Tex bomull. Storlek: Cirka 6,5 cm x 11 cm Sk\u00f6tsel: Alla tyger tv\u00e4ttas noggrant f\u00f6re s\u00f6mnad och \u00e4r d\u00e4rf\u00f6r redo att anv\u00e4ndas direkt.\u00a0<\/p>\n","protected":false},"featured_media":1221,"template":"","meta":{"_acf_changed":false},"product_brand":[],"product_cat":[52],"product_tag":[],"class_list":{"0":"post-1220","1":"product","2":"type-product","3":"status-publish","4":"has-post-thumbnail","6":"product_cat-porte-cartes-et-porte-monnaies","8":"first","9":"instock","10":"taxable","11":"shipping-taxable","12":"purchasable","13":"product-type-simple"},"acf":[],"jetpack_sharing_enabled":true,"_links":{"self":[{"href":"https:\/\/lescocosensuede.com\/sv\/wp-json\/wp\/v2\/product\/1220","targetHints":{"allow":["GET"]}}],"collection":[{"href":"https:\/\/lescocosensuede.com\/sv\/wp-json\/wp\/v2\/product"}],"about":[{"href":"https:\/\/lescocosensuede.com\/sv\/wp-json\/wp\/v2\/types\/product"}],"wp:featuredmedia":[{"embeddable":true,"href":"https:\/\/lescocosensuede.com\/sv\/wp-json\/wp\/v2\/media\/1221"}],"wp:attachment":[{"href":"https:\/\/lescocosensuede.com\/sv\/wp-json\/wp\/v2\/media?parent=1220"}],"wp:term":[{"taxonomy":"product_brand","embeddable":true,"href":"https:\/\/lescocosensuede.com\/sv\/wp-json\/wp\/v2\/product_brand?post=1220"},{"taxonomy":"product_cat","embeddable":true,"href":"https:\/\/lescocosensuede.com\/sv\/wp-json\/wp\/v2\/product_cat?post=1220"},{"taxonomy":"product_tag","embeddable":true,"href":"https:\/\/lescocosensuede.com\/sv\/wp-json\/wp\/v2\/product_tag?post=1220"}],"curies":[{"name":"wp","href":"https:\/\/api.w.org\/{rel}","templated":true}]}}