{"id":1210,"date":"2024-08-20T10:59:07","date_gmt":"2024-08-20T08:59:07","guid":{"rendered":"https:\/\/lescocosensuede.com\/sv\/?post_type=product&#038;p=1210"},"modified":"2025-12-11T21:25:23","modified_gmt":"2025-12-11T20:25:23","slug":"grytlapp-x-2","status":"publish","type":"product","link":"https:\/\/lescocosensuede.com\/sv\/produit\/grytlapp-x-2\/","title":{"rendered":"Grytlapp (x 2)"},"content":{"rendered":"<p><span style=\"font-weight: 400\">Uppt\u00e4ck denna klassiker, oumb\u00e4rlig f\u00f6r att hantera dina varma pannor. Sydd med en blandning av bomull och linne.<\/span><\/p>\n<p>&nbsp;<\/p>\n<p><span style=\"font-weight: 400\">Sammans\u00e4ttning: 30% linne och 70% Oeko-Tex bomull. Syntetisk stoppning.<\/span><\/p>\n<p><span style=\"font-weight: 400\">M\u00e5tt: ca 18 x 18 cm.<\/span><\/p>\n<p><span style=\"font-weight: 400\">Underh\u00e5ll: Redo att anv\u00e4ndas direkt. Tv\u00e4ttas och torktumlas med resten av din tv\u00e4tt (60\u00b0C).<\/span><\/p>\n","protected":false},"excerpt":{"rendered":"<p>Uppt\u00e4ck denna klassiker, oumb\u00e4rlig f\u00f6r att hantera dina varma pannor. Sydd med en blandning av bomull och linne. &nbsp; Sammans\u00e4ttning: 30% linne och 70% Oeko-Tex bomull. Syntetisk stoppning. M\u00e5tt: ca 18 x 18 cm. Underh\u00e5ll: Redo att anv\u00e4ndas direkt. Tv\u00e4ttas och torktumlas med resten av din tv\u00e4tt (60\u00b0C).<\/p>\n","protected":false},"featured_media":1211,"template":"","meta":{"_acf_changed":false},"product_brand":[],"product_cat":[60],"product_tag":[],"class_list":{"0":"post-1210","1":"product","2":"type-product","3":"status-publish","4":"has-post-thumbnail","6":"product_cat-la-cuisine","8":"first","9":"instock","10":"taxable","11":"shipping-taxable","12":"purchasable","13":"product-type-simple"},"acf":[],"jetpack_sharing_enabled":true,"_links":{"self":[{"href":"https:\/\/lescocosensuede.com\/sv\/wp-json\/wp\/v2\/product\/1210","targetHints":{"allow":["GET"]}}],"collection":[{"href":"https:\/\/lescocosensuede.com\/sv\/wp-json\/wp\/v2\/product"}],"about":[{"href":"https:\/\/lescocosensuede.com\/sv\/wp-json\/wp\/v2\/types\/product"}],"wp:featuredmedia":[{"embeddable":true,"href":"https:\/\/lescocosensuede.com\/sv\/wp-json\/wp\/v2\/media\/1211"}],"wp:attachment":[{"href":"https:\/\/lescocosensuede.com\/sv\/wp-json\/wp\/v2\/media?parent=1210"}],"wp:term":[{"taxonomy":"product_brand","embeddable":true,"href":"https:\/\/lescocosensuede.com\/sv\/wp-json\/wp\/v2\/product_brand?post=1210"},{"taxonomy":"product_cat","embeddable":true,"href":"https:\/\/lescocosensuede.com\/sv\/wp-json\/wp\/v2\/product_cat?post=1210"},{"taxonomy":"product_tag","embeddable":true,"href":"https:\/\/lescocosensuede.com\/sv\/wp-json\/wp\/v2\/product_tag?post=1210"}],"curies":[{"name":"wp","href":"https:\/\/api.w.org\/{rel}","templated":true}]}}