{"id":1036,"date":"2024-06-09T11:02:10","date_gmt":"2024-06-09T09:02:10","guid":{"rendered":"https:\/\/lescocosensuede.com\/?post_type=product&#038;p=1036"},"modified":"2024-09-02T08:59:05","modified_gmt":"2024-09-02T06:59:05","slug":"sac-en-tissu-2-2","status":"publish","type":"product","link":"https:\/\/lescocosensuede.com\/sv\/produit\/sac-en-tissu-2-2\/","title":{"rendered":"Tygv\u00e4ska"},"content":{"rendered":"<p>Handgjord tygv\u00e4ska typ Tote bag eller Cabas, sydd med quiltat tyg och en bomullsfordring. Slitstark, stilren och lite bohemisk, f\u00f6r vardagligt bruk.<\/p>\n<p>Alla modeller i denna kollektion \u00e4r unika och sydda med k\u00e4rlek.<\/p>\n<p>&nbsp;<\/p>\n<p>Sammans\u00e4ttning: Quiltat muslintyg och Oeko-Tex bomullsfoder. Handtag i bomull.<br \/>\nStorlek: Cirka 45 x 32 cm<br \/>\nSk\u00f6tsel: Alla tyger tv\u00e4ttas noggrant f\u00f6re s\u00f6mnad och \u00e4r d\u00e4rf\u00f6r redo att anv\u00e4ndas direkt. Vi rekommenderar handtv\u00e4tt eller maskintv\u00e4tt vid l\u00e5g temperatur (max 40\u00b0C) och lufttorkning.<\/p>\n","protected":false},"excerpt":{"rendered":"<p>Handgjord tygv\u00e4ska typ Tote bag eller Cabas, sydd med quiltat tyg och en bomullsfordring. Slitstark, stilren och lite bohemisk, f\u00f6r vardagligt bruk. Alla modeller i denna kollektion \u00e4r unika och sydda med k\u00e4rlek. &nbsp; Sammans\u00e4ttning: Quiltat muslintyg och Oeko-Tex bomullsfoder. Handtag i bomull. Storlek: Cirka 45 x 32 cm Sk\u00f6tsel: Alla tyger tv\u00e4ttas noggrant f\u00f6re [&hellip;]<\/p>\n","protected":false},"featured_media":1038,"template":"","meta":{"_acf_changed":false},"product_brand":[],"product_cat":[47],"product_tag":[],"class_list":{"0":"post-1036","1":"product","2":"type-product","3":"status-publish","4":"has-post-thumbnail","6":"product_cat-sac","8":"first","9":"instock","10":"taxable","11":"shipping-taxable","12":"purchasable","13":"product-type-simple"},"acf":[],"jetpack_sharing_enabled":true,"_links":{"self":[{"href":"https:\/\/lescocosensuede.com\/sv\/wp-json\/wp\/v2\/product\/1036","targetHints":{"allow":["GET"]}}],"collection":[{"href":"https:\/\/lescocosensuede.com\/sv\/wp-json\/wp\/v2\/product"}],"about":[{"href":"https:\/\/lescocosensuede.com\/sv\/wp-json\/wp\/v2\/types\/product"}],"wp:featuredmedia":[{"embeddable":true,"href":"https:\/\/lescocosensuede.com\/sv\/wp-json\/wp\/v2\/media\/1038"}],"wp:attachment":[{"href":"https:\/\/lescocosensuede.com\/sv\/wp-json\/wp\/v2\/media?parent=1036"}],"wp:term":[{"taxonomy":"product_brand","embeddable":true,"href":"https:\/\/lescocosensuede.com\/sv\/wp-json\/wp\/v2\/product_brand?post=1036"},{"taxonomy":"product_cat","embeddable":true,"href":"https:\/\/lescocosensuede.com\/sv\/wp-json\/wp\/v2\/product_cat?post=1036"},{"taxonomy":"product_tag","embeddable":true,"href":"https:\/\/lescocosensuede.com\/sv\/wp-json\/wp\/v2\/product_tag?post=1036"}],"curies":[{"name":"wp","href":"https:\/\/api.w.org\/{rel}","templated":true}]}}