{"id":1021,"date":"2024-06-09T10:13:53","date_gmt":"2024-06-09T08:13:53","guid":{"rendered":"https:\/\/lescocosensuede.com\/?post_type=product&#038;p=1021"},"modified":"2024-06-09T10:21:50","modified_gmt":"2024-06-09T08:21:50","slug":"attache-tetine","status":"publish","type":"product","link":"https:\/\/lescocosensuede.com\/sv\/produit\/attache-tetine\/","title":{"rendered":"Napph\u00e5llare"},"content":{"rendered":"<p>Handsydd napph\u00e5llare i ett vackert muslintyg och med en metalkl\u00e4mma. L\u00e4tt, enkel och elegant. Essentiell f\u00f6r samtliga nappamat\u00f6rer.<\/p>\n<p>Alla modeller i denna kollektion \u00e4r unika och sydda med k\u00e4rlek.<\/p>\n<p>&nbsp;<\/p>\n<p>Sammans\u00e4ttning: Oeko-Tex bomullstyg, bomullssn\u00f6re och krokodilkl\u00e4mma i metall.<br \/>\nStorlek: Cirka 22 cm l\u00e5ng<br \/>\nSk\u00f6tsel: redo att anv\u00e4ndas direkt. Vi rekommenderar handtv\u00e4tt och lufttorkning.<\/p>\n","protected":false},"excerpt":{"rendered":"<p>Handsydd napph\u00e5llare i ett vackert muslintyg och med en metalkl\u00e4mma. L\u00e4tt, enkel och elegant. Essentiell f\u00f6r samtliga nappamat\u00f6rer. Alla modeller i denna kollektion \u00e4r unika och sydda med k\u00e4rlek. &nbsp; Sammans\u00e4ttning: Oeko-Tex bomullstyg, bomullssn\u00f6re och krokodilkl\u00e4mma i metall. Storlek: Cirka 22 cm l\u00e5ng Sk\u00f6tsel: redo att anv\u00e4ndas direkt. Vi rekommenderar handtv\u00e4tt och lufttorkning.<\/p>\n","protected":false},"featured_media":1022,"template":"","meta":{"_acf_changed":false},"product_brand":[],"product_cat":[46],"product_tag":[],"class_list":{"0":"post-1021","1":"product","2":"type-product","3":"status-publish","4":"has-post-thumbnail","6":"product_cat-attache-tetine","8":"first","9":"instock","10":"taxable","11":"shipping-taxable","12":"purchasable","13":"product-type-simple"},"acf":[],"jetpack_sharing_enabled":true,"_links":{"self":[{"href":"https:\/\/lescocosensuede.com\/sv\/wp-json\/wp\/v2\/product\/1021","targetHints":{"allow":["GET"]}}],"collection":[{"href":"https:\/\/lescocosensuede.com\/sv\/wp-json\/wp\/v2\/product"}],"about":[{"href":"https:\/\/lescocosensuede.com\/sv\/wp-json\/wp\/v2\/types\/product"}],"wp:featuredmedia":[{"embeddable":true,"href":"https:\/\/lescocosensuede.com\/sv\/wp-json\/wp\/v2\/media\/1022"}],"wp:attachment":[{"href":"https:\/\/lescocosensuede.com\/sv\/wp-json\/wp\/v2\/media?parent=1021"}],"wp:term":[{"taxonomy":"product_brand","embeddable":true,"href":"https:\/\/lescocosensuede.com\/sv\/wp-json\/wp\/v2\/product_brand?post=1021"},{"taxonomy":"product_cat","embeddable":true,"href":"https:\/\/lescocosensuede.com\/sv\/wp-json\/wp\/v2\/product_cat?post=1021"},{"taxonomy":"product_tag","embeddable":true,"href":"https:\/\/lescocosensuede.com\/sv\/wp-json\/wp\/v2\/product_tag?post=1021"}],"curies":[{"name":"wp","href":"https:\/\/api.w.org\/{rel}","templated":true}]}}